{"id":131,"date":"2015-05-27T23:26:00","date_gmt":"2015-05-27T20:26:00","guid":{"rendered":"http:\/\/tahtisirkus.fi\/?page_id=131"},"modified":"2026-04-28T14:02:58","modified_gmt":"2026-04-28T11:02:58","slug":"opetuksen-sisallot","status":"publish","type":"page","link":"http:\/\/tahtisirkus.fi\/?page_id=131","title":{"rendered":"OPETUKSEN SIS\u00c4LL\u00d6T"},"content":{"rendered":"<div class=\"wp-block-image\">\n<figure class=\"alignright\"><img loading=\"lazy\" decoding=\"async\" width=\"444\" height=\"830\" src=\"http:\/\/tahtisirkus.fi\/wp-content\/uploads\/2015\/05\/vannetytto.png\" alt=\"vannetytto\" class=\"wp-image-183\" srcset=\"http:\/\/tahtisirkus.fi\/wp-content\/uploads\/2015\/05\/vannetytto.png 444w, http:\/\/tahtisirkus.fi\/wp-content\/uploads\/2015\/05\/vannetytto-160x300.png 160w\" sizes=\"auto, (max-width: 444px) 100vw, 444px\" \/><\/figure>\n<\/div>\n\n\n<p class=\"has-text-align-left\">Oulun T\u00e4htisirkuksen tiloissa j\u00e4rjestet\u00e4\u00e4n sirkusopetusta noin 30 tuntia viikossa lapsille, nuorille ja aikuisille. Opetuksessa tutustutaan monipuolisesti eri sirkuslajeihin, kuten pallo-, huivi-, rengas- ja keilajongleeraukseen, diaboloon, flower stickiin, poi-, staff- ja vannetekniikkaan, kiinalaisiin lautasiin, tasapainopalloon, yksipy\u00f6r\u00e4iseen ja rolabolaan. Lis\u00e4ksi harjoittelemme hyppynarua, pient\u00e4 trampoliinia sek\u00e4 akrobatiaa eri muodoissaan: lattia-, pari- ja ryhm\u00e4akrobatiaa sek\u00e4 pyramideja. Ilma-akrobatiassa lajeina ovat staattinen trapetsi, rengastrapetsi, vertikaalik\u00f6ysi ja kankaat.<\/p>\n\n\n\n<p class=\"has-text-align-left\">Sirkusharjoittelu perustuu ohjattuun ryhm\u00e4toimintaan. Tunnit sis\u00e4lt\u00e4v\u00e4t tekniikkaharjoittelua eri lajeissa, ryhm\u00e4taitojen vahvistamista ja esiintymisen harjoittelua. Tunneilla on tilaa my\u00f6s omalle luovalle kokeilulle. Oppiminen tapahtuu usein leikkien, pelien ja innostavien harjoitusten kautta.<\/p>\n\n\n\n<p class=\"has-text-align-left\">Sirkusharrastuksessa kehittyv\u00e4t my\u00f6s sosiaaliset taidot. Yhdess\u00e4 tekeminen rakentaa luottamusta, vastuullisuutta ja toisten huomioimista. Pitk\u00e4aikainen harrastus tuo arkeen jatkuvuutta, ja ryhm\u00e4st\u00e4 muodostuu usein t\u00e4rke\u00e4 yhteis\u00f6. Kaikki oppilaamme kehitt\u00e4v\u00e4t sirkustaitojen ohella my\u00f6s ilmaisuaan ja esiintymisvalmiuksiaan.<\/p>\n\n\n\n<p class=\"has-text-align-left\">Sirkus tarjoaa jokaiselle mahdollisuuden l\u00f6yt\u00e4\u00e4 omat vahvuutensa ja kehitt\u00e4\u00e4 uusia taitoja. Monipuolinen harjoittelu tukee motoriikan ja ajattelun kehittymist\u00e4. Uusien asioiden kokeileminen, onnistumisen kokemukset, ja my\u00f6s haasteiden kohtaaminen, vahvistavat itseluottamusta ja oppimista. Oman mukavuusalueen ulkopuolelle uskaltautuminen ja onnistumisten kokeminen vahvistavat itsetuntoa ja ovat v\u00e4ltt\u00e4m\u00e4tt\u00f6mi\u00e4 kehitysaskelia meille kaikille, samoin kuin pettymysten kohtaaminenkin.<\/p>\n\n\n\n<p class=\"has-text-align-left\">Opetussuunnitelma mukautuu ryhmien osallistujien mukaan, ja kohtaamme jokaisen oppilaan yksil\u00f6n\u00e4. Sirkuslajeissa ei perinteisesti kilpailla, ja t\u00e4t\u00e4 perinnett\u00e4 haluamme vaalia my\u00f6s omassa toiminnassamme. Sirkus on luovuuden kentt\u00e4, jossa jokainen esiintyj\u00e4 ja esitys on ainutlaatuinen.<\/p>\n\n\n\n<p class=\"has-text-align-left\">Ryhmiin voi osallistua my\u00f6s lapsia, joilla on erityisen tuen tarpeita, mutta pyyd\u00e4mme ilmoittamaan tuen tarpeesta ilmoittautumisen yhteydess\u00e4. Osallistuminen ryhmiin edellytt\u00e4\u00e4 kyky\u00e4 toimia ryhm\u00e4ss\u00e4 itsen\u00e4isesti tai henkil\u00f6kohtaisen avustajan l\u00e4sn\u00e4oloa.<\/p>\n\n\n\n<p><strong>Alla olevasta listasta voit klikata lis\u00e4tietoja saadaksesi tarkempia ryhm\u00e4kohtaisia kuvauksia.<\/strong><\/p>\n\n\n\n<div class=\"panel-group xa-default\"  id=\"accordion-1\" role=\"tablist\" aria-multiselectable=\"true\"><br><\/p>\n\n\n<p><div class=\"panel panel-default\">\n                <div class=\"panel-heading\" role=\"tab\" id=\"headingOne\">\n                    <h4 class=\"panel-title\">\n                        <a data-toggle=\"collapse\" data-parent=\"#accordion-1\" href=\"#acc-2\" aria-expanded=\"true\" aria-controls=\"collapseOne\">\n                            <i class=\"fa fa-Select Icon---\"><\/i> Perhesirkus (yli 3-vuotiaat lapset aikuisten kanssa)\n                        <\/a>\n                    <\/h4>\n                <\/div>\n                <div id=\"acc-2\" class=\"panel-collapse collapse \" role=\"tabpanel\" aria-labelledby=\"headingOne\">\n                    <div class=\"panel-body\"><\/p>\n<ul>\n<li>lapsi-vanhempiryhm\u00e4, johon voi osallistua 2 tai useampia perheenj\u00e4seni\u00e4<\/li>\n<li>ryhm\u00e4t kootaan perheen pienimm\u00e4n lapsen syntym\u00e4vuoden mukaan<\/li>\n<li>Jokainen osallistuja, niin lapsi kuin vanhempi, on yht\u00e4lailla sirkusoppilas ja osallistuu harjoitteluun<\/li>\n<li>leikin ja yhteisen kokeilemisen kautta tutustutaan liikuntaan, sirkuslajeihin ja ryhm\u00e4ss\u00e4 harrastamiseen<\/li>\n<li>vanhempi on lapsen tukena ohjaamassa, mutta niin vanhmpi kuin lapsi saavat molemmat harjoitella omalla tahdillaan<\/li>\n<li>lukukauden p\u00e4\u00e4t\u00f6kseksi on tavoitteena osallistua sirkuksen joulu- tai kev\u00e4tn\u00e4yt\u00f6kseen<\/li>\n<\/ul>\n<p><\/div>\n                <\/div>\n            <\/div><\/p>\n\n\n<p><div class=\"panel panel-default\">\n                <div class=\"panel-heading\" role=\"tab\" id=\"headingOne\">\n                    <h4 class=\"panel-title\">\n                        <a data-toggle=\"collapse\" data-parent=\"#accordion-1\" href=\"#acc-3\" aria-expanded=\"true\" aria-controls=\"collapseOne\">\n                            <i class=\"fa fa-Select Icon---\"><\/i> Perhesirkus (yli 7-vuotiaat lapset aikuisten kanssa)\n                        <\/a>\n                    <\/h4>\n                <\/div>\n                <div id=\"acc-3\" class=\"panel-collapse collapse \" role=\"tabpanel\" aria-labelledby=\"headingOne\">\n                    <div class=\"panel-body\"><\/p>\n<ul>\n<li>lapsi-vanhempiryhm\u00e4, johon voi osallistua 2 tai useampia perheenj\u00e4seni\u00e4<\/li>\n<li>Jokainen osallistuja, niin lapsi kuin vanhempi, on yht\u00e4lailla sirkusoppilas ja osallistuu harjoitteluun<\/li>\n<li>harjoitellaan yhdess\u00e4 monipuolisesti erilaisia sirkustaitoja<\/li>\n<li>aloittelijoiden ja kokeneiden perhesirkuslaisten sekaryhm\u00e4<\/li>\n<li>mit\u00e4 pidemm\u00e4lle edistyt\u00e4\u00e4n, tavoitteena on l\u00f6yt\u00e4\u00e4 jokaisen lapsen sek\u00e4 vanhemman yksil\u00f6llisi\u00e4 vahvuuksia kuin my\u00f6s yhteist\u00e4 sirkustaituruutta ja -tekniikkaa<\/li>\n<li>osallistutaan sirkuksen joulu- ja kev\u00e4tn\u00e4yt\u00f6ksiin<\/li>\n<\/ul>\n<p><\/div>\n                <\/div>\n            <\/div><\/p>\n\n\n<p><div class=\"panel panel-default\">\n                <div class=\"panel-heading\" role=\"tab\" id=\"headingOne\">\n                    <h4 class=\"panel-title\">\n                        <a data-toggle=\"collapse\" data-parent=\"#accordion-1\" href=\"#acc-4\" aria-expanded=\"true\" aria-controls=\"collapseOne\">\n                            <i class=\"fa fa-Select Icon---\"><\/i> Leikkisirkusryhm\u00e4t (n. 5\u00ad-7 -vuotiaat)\n                        <\/a>\n                    <\/h4>\n                <\/div>\n                <div id=\"acc-4\" class=\"panel-collapse collapse \" role=\"tabpanel\" aria-labelledby=\"headingOne\">\n                    <div class=\"panel-body\"><\/p>\n<ul>\n<li>l\u00e4hestyt\u00e4\u00e4n liikuntaa ja sirkuslajeja leikkimisen kautta<\/li>\n<li>p\u00e4\u00e4paino on ryhm\u00e4taitojen ja keskittymisen opettelussa<\/li>\n<li>tutustutaan omaan liikkumiseen, harjoitellaan koordinaatiota ja tasapainoa<\/li>\n<li>kaikkien oma taitotaso otetaan huomioon, ja ohjaajat antavat haasteita lapsen omalla tasolla<\/li>\n<li>leikkisirkuksiin otetaan uusia tulijoita aina kun on tilaa, joten samassa ryhm\u00e4ss\u00e4 saattaa harjoitella `ensikertalainen` tai `kokenut konkari`, ja samalla opitaan erilaisia rooleja<\/li>\n<li>uskaltaudutaan huomion kohteeksi pieniss\u00e4 harjoitteissa<\/li>\n<li>lukukauden tavoitteena on valmistaa ohjaajan johdolla esitys sirkuksen joulu- tai kev\u00e4tn\u00e4yt\u00f6kseen<\/li>\n<\/ul>\n<p><\/div>\n                <\/div>\n            <\/div><\/p>\n\n\n<p><div class=\"panel panel-default\">\n                <div class=\"panel-heading\" role=\"tab\" id=\"headingOne\">\n                    <h4 class=\"panel-title\">\n                        <a data-toggle=\"collapse\" data-parent=\"#accordion-1\" href=\"#acc-5\" aria-expanded=\"true\" aria-controls=\"collapseOne\">\n                            <i class=\"fa fa-Select Icon---\"><\/i> Lasten alkeis- ja alkeisjatkoryhm\u00e4t (n. 8-14 -vuotiaat aloittavat oppilaat)\n                        <\/a>\n                    <\/h4>\n                <\/div>\n                <div id=\"acc-5\" class=\"panel-collapse collapse \" role=\"tabpanel\" aria-labelledby=\"headingOne\">\n                    <div class=\"panel-body\"><\/p>\n<ul>\n<li>tutustutaan sirkuslajeihin, sirkustekniikkaan ja sirkuksen maailmaan leikkien ja harjoitusten kautta<\/li>\n<li>kehitet\u00e4\u00e4n koordinaatiota, notkeutta ja kehontuntemusta<\/li>\n<li>harjoitellaan sirkustekniikoita monipuolisesti eri v\u00e4lineill\u00e4<\/li>\n<li>tehd\u00e4\u00e4n ilmaisutaidon harjoituksia ja etsit\u00e4\u00e4n omaa esiintyjyytt\u00e4<\/li>\n<li>harjoitellaan ryhm\u00e4taitoja ja keskittymist\u00e4 sek\u00e4 luodaan ryhm\u00e4henke\u00e4<\/li>\n<li>lukukauden tavoitteena on valmistaa numero sirkuksen joulu- tai kev\u00e4tn\u00e4yt\u00f6kseen ohjaajan johdolla ja omia ideoita kehitellen<\/li>\n<\/ul>\n<p><\/div>\n                <\/div>\n            <\/div><\/p>\n\n\n<p><div class=\"panel panel-default\">\n                <div class=\"panel-heading\" role=\"tab\" id=\"headingOne\">\n                    <h4 class=\"panel-title\">\n                        <a data-toggle=\"collapse\" data-parent=\"#accordion-1\" href=\"#acc-6\" aria-expanded=\"true\" aria-controls=\"collapseOne\">\n                            <i class=\"fa fa-Select Icon---\"><\/i> Lasten jatkoryhm\u00e4t (n. 7-14 -v. jatkavat oppilaat)\n                        <\/a>\n                    <\/h4>\n                <\/div>\n                <div id=\"acc-6\" class=\"panel-collapse collapse \" role=\"tabpanel\" aria-labelledby=\"headingOne\">\n                    <div class=\"panel-body\"><\/p>\n<ul>\n<li>harjoitellaan monipuolisesti eri sirkuslajien tekniikoita<\/li>\n<li>etsit\u00e4\u00e4n omia vahvuuksia ja kiinnostuksen kohteita sirkuslajeissa<\/li>\n<li>harjoitellaan ilmaisutaitoa harjoitusten kautta ja esityksi\u00e4 valmistaen<\/li>\n<li>kehitet\u00e4\u00e4n luottamusta itseens\u00e4 ja toisiin<\/li>\n<li>tehd\u00e4\u00e4n koordinaatiokyky\u00e4, notkeutta, voimaa ja rytmitajua kehitt\u00e4vi\u00e4 harjoitteita<\/li>\n<li>lukukauden tavoitteena on valmistaa numero sirkuksen joulu- tai kev\u00e4tn\u00e4yt\u00f6kseen omia ideoita ohjaajan kanssa ty\u00f6st\u00e4en<\/li>\n<li>ryhm\u00e4n\u00e4 pyrit\u00e4\u00e4n toteuttamaan esityksess\u00e4 jo yhten\u00e4isempi\u00e4 kokonaisuuksia<\/li>\n<\/ul>\n<p><\/div>\n                <\/div>\n            <\/div><\/p>\n\n\n<p><div class=\"panel panel-default\">\n                <div class=\"panel-heading\" role=\"tab\" id=\"headingOne\">\n                    <h4 class=\"panel-title\">\n                        <a data-toggle=\"collapse\" data-parent=\"#accordion-1\" href=\"#acc-7\" aria-expanded=\"true\" aria-controls=\"collapseOne\">\n                            <i class=\"fa fa-Select Icon---\"><\/i> Lasten lajiryhm\u00e4t n. 7 - 16v (ilma-akrobatia)\n                        <\/a>\n                    <\/h4>\n                <\/div>\n                <div id=\"acc-7\" class=\"panel-collapse collapse \" role=\"tabpanel\" aria-labelledby=\"headingOne\">\n                    <div class=\"panel-body\"><\/p>\n<p>Kuunsirpit ja Puolikuut ovat jatkotason ryhmi\u00e4, joissa on sekataso ja harjoitellaan yksi kerta viikossa. Ohjaaja laatii tavoitteet ryhm\u00e4n taitotason mukaan, ja eriytt\u00e4\u00e4 oppilaille sopivan tasoisia haasteita. Edellytyksen\u00e4 ryhmiin osallistumiseen on perustaidot ilma-akrobatiassa, ja trapetsin, kankaan, hammocking ja rengastrapetsin perusliikkeiden tuntemus ja hallinta.<\/p>\n<p>T\u00e4ysikuut on kaksi kertaa viikossa harjoitteleva ryhm\u00e4, jossa harjoitellaan ilma-akrobatiaa muita ryhmi\u00e4 tavoitteellisemmin. Ilma-akrobatian perustekniikoiden laaja hallinta ja laadukas osaaminen ovat tavoitteina ja ainaisen kehityksen kohteena. Oppilaat harjoittelevat vaativia ilma-akrobatian tekniikoita, ja vaikuttavat itse opetussis\u00e4lt\u00f6\u00f6n.<\/p>\n<p>Lajiryhmiss\u00e4 harjoittelee eri ik\u00e4isi\u00e4 ja osin my\u00f6s eri tasoisia harrastajia. P\u00e4\u00e4s\u00e4\u00e4nt\u00f6isesti kuitenkin ik\u00e4- ja osaamistaso kasvaa kuun vaiheiden edetess\u00e4 (Uusikuut = alkeisryhm\u00e4, T\u00e4ysikuut = edistynein ryhm\u00e4).<\/p>\n<p><\/div>\n                <\/div>\n            <\/div><\/p>\n\n\n<p><div class=\"panel panel-default\">\n                <div class=\"panel-heading\" role=\"tab\" id=\"headingOne\">\n                    <h4 class=\"panel-title\">\n                        <a data-toggle=\"collapse\" data-parent=\"#accordion-1\" href=\"#acc-8\" aria-expanded=\"true\" aria-controls=\"collapseOne\">\n                            <i class=\"fa fa-Select Icon---\"><\/i> Lasten lajiryhm\u00e4t n. 7 - 16v (tasapaino, jongleeraus)\n                        <\/a>\n                    <\/h4>\n                <\/div>\n                <div id=\"acc-8\" class=\"panel-collapse collapse \" role=\"tabpanel\" aria-labelledby=\"headingOne\">\n                    <div class=\"panel-body\"><\/p>\n<p>Lasten tasapaino- ja jongleerauspainotteisessa ryhm\u00e4ss\u00e4 erikoistutaan omiin p\u00e4\u00e4lajeihin, ja opetellaan yhdess\u00e4 monipuolisesti jongleerauksen ja tasapainoilun edistyneempi\u00e4 taitoja. Ryhm\u00e4ss\u00e4 keskityt\u00e4\u00e4n tekniikkaharjoittelun lis\u00e4ksi my\u00f6s taiteelliseen ty\u00f6skentelyyn.<\/p>\n<p>Edellytys ryhm\u00e4\u00e4n osallistumiselle on ennen kaikkea kiinnostus jongleeraus- ja tasapainolajeja kohtaan. Osallistujien taito- ja ik\u00e4taso voi vaihdella merkitt\u00e4v\u00e4sti.<\/p>\n<p><\/div>\n                <\/div>\n            <\/div><\/p>\n\n\n<p><div class=\"panel panel-default\">\n                <div class=\"panel-heading\" role=\"tab\" id=\"headingOne\">\n                    <h4 class=\"panel-title\">\n                        <a data-toggle=\"collapse\" data-parent=\"#accordion-1\" href=\"#acc-9\" aria-expanded=\"true\" aria-controls=\"collapseOne\">\n                            <i class=\"fa fa-Select Icon---\"><\/i> Esiintyv\u00e4 ryhm\u00e4 Hydrat\n                        <\/a>\n                    <\/h4>\n                <\/div>\n                <div id=\"acc-9\" class=\"panel-collapse collapse \" role=\"tabpanel\" aria-labelledby=\"headingOne\">\n                    <div class=\"panel-body\"><\/p>\n<ul>\n<li>jatkotason oppilaista koottu lasten esiintyv\u00e4 ryhm\u00e4<\/li>\n<li>valmistetaan esitys\/esitysnumeroita, ja k\u00e4yd\u00e4\u00e4n kauden aikana 1-2 pienell\u00e4 keikalla<\/li>\n<li>vaatii enemm\u00e4n sitoutumista kuin jatkoryhm\u00e4t, mutta sopii aloitteleville esiintyville (seuraava askel jatkoryhm\u00e4st\u00e4)<\/li>\n<\/ul>\n<p><\/div>\n                <\/div>\n            <\/div><\/p>\n\n\n<p><div class=\"panel panel-default\">\n                <div class=\"panel-heading\" role=\"tab\" id=\"headingOne\">\n                    <h4 class=\"panel-title\">\n                        <a data-toggle=\"collapse\" data-parent=\"#accordion-1\" href=\"#acc-10\" aria-expanded=\"true\" aria-controls=\"collapseOne\">\n                            <i class=\"fa fa-Select Icon---\"><\/i> Notkulat-Jouhevat - aikuisten lattia-akrobatia (yli 15-vuotiaat)\n                        <\/a>\n                    <\/h4>\n                <\/div>\n                <div id=\"acc-10\" class=\"panel-collapse collapse \" role=\"tabpanel\" aria-labelledby=\"headingOne\">\n                    <div class=\"panel-body\"><\/p>\n<ul>\n<li>harjoitellaan akrobatialiikkeit\u00e4 permannolla &#8211; puolivoltit, voltit, kierteet, maaliikkeet, sillat, puolivoltit, spagaatit, jalannostot ja notkeusasennot rinta-, kyyner-, ja k\u00e4sill\u00e4seisonnassa<\/li>\n<li>harjoitellaan liikkeit\u00e4 sirkuksesta, voimistelusta, capoeirasta, breakdancesta ja trikkauksesta<\/li>\n<li>tehd\u00e4\u00e4n akrobatiataitoja edist\u00e4vi\u00e4 voima- ja notkeusharjoituksia<\/li>\n<li>pidet\u00e4\u00e4n hauskaa<\/li>\n<li>liike- ja harjoitevaihtoehtoja eri tasoisille ja tyylisille oppilaille<\/li>\n<li>ryhm\u00e4 on avoimen tason ryhm\u00e4, jossa aloittelijat sek\u00e4 edistyneet harjoittelevat omalla tasollaan<\/li>\n<li>opettajat ottavat huomioon jokaisen harrastajan l\u00e4ht\u00f6tason ja harjoitteita sovelletaan osallistujien mukaan<\/li>\n<li>tavoitteena on esiinty\u00e4 sirkuksen joulu- tai kev\u00e4tn\u00e4yt\u00f6ksess\u00e4<\/li>\n<\/ul>\n<p><\/div>\n                <\/div>\n            <\/div><\/p>\n\n\n<p><div class=\"panel panel-default\">\n                <div class=\"panel-heading\" role=\"tab\" id=\"headingOne\">\n                    <h4 class=\"panel-title\">\n                        <a data-toggle=\"collapse\" data-parent=\"#accordion-1\" href=\"#acc-11\" aria-expanded=\"true\" aria-controls=\"collapseOne\">\n                            <i class=\"fa fa-\"><\/i> Aikuisten sirkus Sukkelat\n                        <\/a>\n                    <\/h4>\n                <\/div>\n                <div id=\"acc-11\" class=\"panel-collapse collapse \" role=\"tabpanel\" aria-labelledby=\"headingOne\">\n                    <div class=\"panel-body\"><\/p>\n<ul>\n<li>Harjoitellaan jongleerausta, diaboloa, flower&#8217;s ja devil&#8217;s stick tekniikkaa, poi- ja vannepy\u00f6rityst\u00e4, yksipy\u00f6r\u00e4ll\u00e4 ajoa, tasapainopallolla k\u00e4vely\u00e4, rolabola-tasapainoilua, pari-, ryhm\u00e4- ja ilma-akrobatiaa.<\/li>\n<li>Kaikista lajeista k\u00e4yd\u00e4\u00e4n l\u00e4pi alkeet ja vaihtoehtoja annetaan edistyneempien temppujen harjoitteluun<\/li>\n<li>Etsit\u00e4\u00e4n itselle mielekk\u00e4it\u00e4 tavoitteita ja edet\u00e4\u00e4n niit\u00e4 kohti<\/li>\n<li>Ei tarvitse osata mit\u00e4\u00e4n ennalta<\/li>\n<li>Annetaan vaihtoehtoja my\u00f6s pitk\u00e4lle edistyneille sirkusharrastajille, mutta p\u00e4\u00e4paino on sirkuslajien alkeissa. Soveltuu siis &#8221;h\u00f6nts\u00e4ilyryhm\u00e4ksi&#8221; pitk\u00e4lle edistyneille sirkustelijoille.<\/li>\n<li>Tehd\u00e4\u00e4n taiteellista ty\u00f6skentely\u00e4 ja esityksi\u00e4. L\u00e4hestyt\u00e4\u00e4n sirkusta toisaalta teknisesti, mutta toisaalta tutkien muotoja, liikkeit\u00e4, rytmi\u00e4 ja musiikaalista tekemist\u00e4, sek\u00e4 sirkuksen abstrakteja ja k\u00e4sitteellisi\u00e4 tasoja.<\/li>\n<\/ul>\n<p><\/div>\n                <\/div>\n            <\/div><\/p>\n\n\n<p><div class=\"panel panel-default\">\n                <div class=\"panel-heading\" role=\"tab\" id=\"headingOne\">\n                    <h4 class=\"panel-title\">\n                        <a data-toggle=\"collapse\" data-parent=\"#accordion-1\" href=\"#acc-12\" aria-expanded=\"true\" aria-controls=\"collapseOne\">\n                            <i class=\"fa fa-Select Icon---\"><\/i> Aikuisten ilma-akrobatian ryhm\u00e4t (yli 15-vuotiaat)\n                        <\/a>\n                    <\/h4>\n                <\/div>\n                <div id=\"acc-12\" class=\"panel-collapse collapse \" role=\"tabpanel\" aria-labelledby=\"headingOne\">\n                    <div class=\"panel-body\"><\/p>\n<p>Kaikissa ilma-akrobatian ryhmiss\u00e4 on tavoitteena kartuttaa taitoja ilma-akrobatian tekniikan, sirkustaiteen ja ilmaisun osalta. Esiintyminen sirkuskoulun oppilasn\u00e4yt\u00f6ksiss\u00e4 on mahdollista ja suotavaa, mutta ei pakollista.<\/p>\n<p>Alkeisjatkoryhm\u00e4 Riippujissa k\u00e4yd\u00e4\u00e4n l\u00e4pi vertikaalikankaan, suoran staattisen trapetsin ja py\u00f6re\u00e4n trapetsin perustekniikoita, harjoitellaan voimaa ja notkeutta, sek\u00e4 tutustutaan sirkustaiteeseen ja ilma-akrobatian kulttuuriin. Ryhm\u00e4ss\u00e4 k\u00e4yd\u00e4\u00e4n l\u00e4pi perusteet vasta-alkajille soveltuvasti, mutta edet\u00e4\u00e4n samaan aikaan my\u00f6s alkeista seuraaviin askeliin.<\/p>\n<ul>\n<li>Ilma-akrobatiav\u00e4lineiden perustaidot<\/li>\n<li>Turvallisen harjoittelun perusteet<\/li>\n<li>Lajia tukeva voima- ja notkeusharjoittelu<\/li>\n<li>Kannustava ilmapiiri ja hauska harjoittelu!<\/li>\n<\/ul>\n<p>Jatkoryhm\u00e4 Rimpuilijoissa on sekataso, mutta edellytyksen\u00e4 on aiempi ilma-akrobatiakokemus ja v\u00e4lineiden perustuntemus. Ryhm\u00e4ss\u00e4 on vaihtuva ohjaaja siten, ett\u00e4 eri ohjaajat tuovat tunneille omaa parasta osaamistaan. Tunneilla on my\u00f6s jonkin verran aikaa kerrata aiempien tuntien sis\u00e4lt\u00f6j\u00e4 ryhm\u00e4vetoisesti.<\/p>\n<ul>\n<li>Varmuus perustaidoissa, turvallinen harjoittelu<\/li>\n<li>Taitojen monipuolistaminen ja variaatiot<\/li>\n<li>Taiteellinen ty\u00f6skentely<\/li>\n<li>Kannustava ilmapiiri ja hauska harjoittelu!<\/li>\n<\/ul>\n<p><\/div>\n                <\/div>\n            <\/div><\/p>\n\n\n\n<p><\/div>\n\n\n\n<p><\/p>\n","protected":false},"excerpt":{"rendered":"<p>Oulun T\u00e4htisirkuksen tiloissa j\u00e4rjestet\u00e4\u00e4n sirkusopetusta noin 30 tuntia viikossa lapsille, nuorille ja aikuisille. Opetuksessa tutustutaan monipuolisesti eri sirkuslajeihin, kuten pallo-, huivi-, rengas- ja keilajongleeraukseen, diaboloon, flower stickiin, poi-, staff- ja vannetekniikkaan, kiinalaisiin lautasiin, tasapainopalloon, yksipy\u00f6r\u00e4iseen ja rolabolaan. Lis\u00e4ksi harjoittelemme hyppynarua, pient\u00e4 trampoliinia sek\u00e4 akrobatiaa eri muodoissaan: lattia-, pari- ja ryhm\u00e4akrobatiaa sek\u00e4 pyramideja. Ilma-akrobatiassa lajeina ovat [&hellip;]<\/p>\n","protected":false},"author":1,"featured_media":0,"parent":0,"menu_order":0,"comment_status":"closed","ping_status":"closed","template":"","meta":{"footnotes":""},"class_list":["post-131","page","type-page","status-publish","hentry"],"_links":{"self":[{"href":"http:\/\/tahtisirkus.fi\/index.php?rest_route=\/wp\/v2\/pages\/131","targetHints":{"allow":["GET"]}}],"collection":[{"href":"http:\/\/tahtisirkus.fi\/index.php?rest_route=\/wp\/v2\/pages"}],"about":[{"href":"http:\/\/tahtisirkus.fi\/index.php?rest_route=\/wp\/v2\/types\/page"}],"author":[{"embeddable":true,"href":"http:\/\/tahtisirkus.fi\/index.php?rest_route=\/wp\/v2\/users\/1"}],"replies":[{"embeddable":true,"href":"http:\/\/tahtisirkus.fi\/index.php?rest_route=%2Fwp%2Fv2%2Fcomments&post=131"}],"version-history":[{"count":61,"href":"http:\/\/tahtisirkus.fi\/index.php?rest_route=\/wp\/v2\/pages\/131\/revisions"}],"predecessor-version":[{"id":3762,"href":"http:\/\/tahtisirkus.fi\/index.php?rest_route=\/wp\/v2\/pages\/131\/revisions\/3762"}],"wp:attachment":[{"href":"http:\/\/tahtisirkus.fi\/index.php?rest_route=%2Fwp%2Fv2%2Fmedia&parent=131"}],"curies":[{"name":"wp","href":"https:\/\/api.w.org\/{rel}","templated":true}]}}