{"id":139,"date":"2015-05-27T23:40:58","date_gmt":"2015-05-27T20:40:58","guid":{"rendered":"http:\/\/tahtisirkus.fi\/?page_id=139"},"modified":"2026-05-07T21:11:08","modified_gmt":"2026-05-07T18:11:08","slug":"sirkustyopaja","status":"publish","type":"page","link":"http:\/\/tahtisirkus.fi\/?page_id=139","title":{"rendered":"SIRKUSTY\u00d6PAJA"},"content":{"rendered":"<div class=\"wp-block-image\">\n<figure class=\"alignright\"><img loading=\"lazy\" decoding=\"async\" width=\"514\" height=\"1000\" src=\"http:\/\/tahtisirkus.fi\/wp-content\/uploads\/2015\/05\/rengas1.png\" alt=\"rengas1\" class=\"wp-image-193\" srcset=\"http:\/\/tahtisirkus.fi\/wp-content\/uploads\/2015\/05\/rengas1.png 514w, http:\/\/tahtisirkus.fi\/wp-content\/uploads\/2015\/05\/rengas1-154x300.png 154w\" sizes=\"auto, (max-width: 514px) 100vw, 514px\" \/><\/figure>\n<\/div>\n\n\n<p>Suositut sirkusty\u00f6pajat sopivat monelaisiin tapahtumiin ja tilanteisiin, niin lapsille kuin aikuisille. Pajan voi tilata p\u00e4iv\u00e4kotiin, kouluun, ty\u00f6paikan virkistysp\u00e4iv\u00e4\u00e4n, polttariporukalle tai pikkujouluohjelmaksi, sen voi antaa lahjaksi tai ottaa osaksi isompaa tapahtumaa. Ty\u00f6pajoissa t\u00e4rkeint\u00e4 on iloinen tekeminen ja uusien asioiden kokeilu \u2013 mit\u00e4\u00e4n ennakkotaitoja ei tarvita! Pajoja voidaan j\u00e4rjest\u00e4\u00e4 joko asiakkaan tiloissa tai T\u00e4htisirkuksella.<\/p>\n\n\n\n<p>Ty\u00f6pajan hintaan vaikuttaa ryhm\u00e4koon, osallistujien i\u00e4n ja ty\u00f6pajan luonteen perusteella arvioitu tarvittava opettajien m\u00e4\u00e4r\u00e4. Jos ty\u00f6paja j\u00e4rjestet\u00e4\u00e4n muualla kuin T\u00e4htisirkuksen tiloissa, hintaan lis\u00e4t\u00e4\u00e4n matkakulut.<\/p>\n\n\n\n<p><strong>Tarjouspyynn\u00f6n voit l\u00e4hett\u00e4\u00e4 s\u00e4hk\u00f6postitse osoitteella ouluntahtisirkus@gmail.com<\/strong><\/p>\n\n\n\n<p>Tarjouksemme pohjaksi pyyd\u00e4mme seuraavia tietoja:<\/p>\n\n\n\n<ul class=\"wp-block-list\">\n<li>Tilaajan nimi ja s\u00e4hk\u00f6postiosoite<\/li>\n\n\n\n<li>Ty\u00f6pajaan osallistuva ryhm\u00e4 (aikuisia, lapsia, ty\u00f6porukka yms.) ja arvioitu henkil\u00f6m\u00e4\u00e4r\u00e4<\/li>\n\n\n\n<li>Ty\u00f6pajan j\u00e4rjest\u00e4mispaikka: Oulun T\u00e4htisirkuksen tilat Ruskossa vai joku muu tila, miss\u00e4?<\/li>\n\n\n\n<li>Ty\u00f6pajan tyyppi: Sirkustellaan! \/ Yht\u00e4 sirkusta! \/ Lajity\u00f6paja \/ Sosiaalisen sirkuksen paja \/ Muu, mik\u00e4?<\/li>\n\n\n\n<li>Mahdolliset erityistavoitteet: Onko pajan tarkoitus ryhm\u00e4yty\u00e4, hankkia sosiaalisia taitoja tai virkist\u00e4yty\u00e4 vaiko keskitty\u00e4 tehokkasti sirkustekniikan harjoitteluun? Onko tavoite saada onnistumisen kokemuksia matalan kynnyksen harjoitteista, joihin kaikki ryhm\u00e4n j\u00e4senet voivat turvallisesti osallistua vaiko pikemminkin saada aivot solmuun fyysisen ja koordinaatiokyky\u00e4 vaativan sirkustekniikan harjoitteissa?<\/li>\n\n\n\n<li>halutaanko fyysisesti kevyit\u00e4 vaiko haastavia ja liikunnallisia harjoitteita?<\/li>\n<\/ul>\n\n\n\n<p>Pajassa voidaan keskitty\u00e4 my\u00f6s joihinkin lajeihin erityisesti. Mit\u00e4 useampia lajeja valitaan, sit\u00e4 lyhyemmin lajeja ehdit\u00e4\u00e4n k\u00e4yd\u00e4 l\u00e4pi. Toisaalta mahdollisimman monipuolinen sis\u00e4lt\u00f6 takaa, ett\u00e4 kaikille osallistujille l\u00f6ytyy mielek\u00e4st\u00e4 sis\u00e4lt\u00f6\u00e4. Mahdollisia lajeja, joista voi valita yhden tai useampia:<\/p>\n\n\n\n<ul class=\"wp-block-list\">\n<li>akrobatia (kuperkeikat, k\u00e4rrynpy\u00f6r\u00e4t yms.)<\/li>\n\n\n\n<li>pariakrobatia (nostot parin kanssa)<\/li>\n\n\n\n<li>ilma-akrobatia (katosta roikkuvat v\u00e4lineet)<\/li>\n\n\n\n<li>tasapainov\u00e4lineet (esim. yksipy\u00f6r\u00e4ily, nuora)<\/li>\n\n\n\n<li>jongleeraus- ja heittov\u00e4lineet (pallot, keilat, diabolot, kukkakepit, vanteet)<br>kaikkia sirkuslajeja tasapuolisesti<\/li>\n<\/ul>\n\n\n\n<p><b>Sirkustellaan! -ty\u00f6pajat<\/b><\/p>\n\n\n\n<p>Sirkustellaan! -ty\u00f6pajassa tutustutaan sirkuksen kiehtovaan maailmaan joko asiakkaan tiloissa tai T\u00e4htisirkuksella. Osallistujat p\u00e4\u00e4sev\u00e4t kokeilemaan monipuolisesti eri sirkusv\u00e4lineit\u00e4 ja -lajeja, kuten tasapainoilua, jongleerausta ja akrobatiaa. Sirkuksen tiloissa k\u00e4yt\u00f6ss\u00e4 ovat my\u00f6s ilma-akrobatiav\u00e4lineet eli trapetsit ja vertikaalikankaat. Sirkustellaan! -ty\u00f6paja sopii hyvin esim. kouluille, p\u00e4iv\u00e4kodeille, ty\u00f6paikoille, polttariohjelmaksi tai lahjaksi.<\/p>\n\n\n\n<p>Kesto: 60 &#8211; 90 min<br>Ryhm\u00e4koko: 1 \u2013 25<br>Hinta: 169 &#8211; 209\u20ac (1 ohjaaja, sirkuksen tiloissa)<br>Hinta: 235 &#8211; 308\u20ac (2 ohjaajaa, sirkuksen tiloissa)<\/p>\n\n\n\n<p><b>Yht\u00e4 sirkusta -ty\u00f6pajat tapahtumiin<\/b><\/p>\n\n\n\n<p>Yht\u00e4 sirkusta -ty\u00f6pajat soveltuvat erilaisiin tapahtumiin osaksi muuta ohjelmaa. Paja voi kest\u00e4\u00e4 koko tapahtuman ajan tai olla avoinna vain osan aikaa, ja yleis\u00f6 saa piipahtaa kokeilemaan sirkusv\u00e4lineit\u00e4 omaan tahtiinsa. Pajassa voi olla tilasta ja tapahtumasta riippuen esim. erilaisia tasapainoilu- ja jongleerausv\u00e4lineit\u00e4 ja vanteita.<\/p>\n\n\n\n<p>Kesto: Sovitaan erikseen, kuitenkin v\u00e4hint\u00e4\u00e4n 60 min.<br>Ryhm\u00e4koko: ei rajaa<br>Hinta: 253\u20ac* (1h, kaksi ohjaajaa)<br>Hinta: 398\u20ac* (2h, kaksi ohjaajaa)<br><i>* Hinta voimassa, kun matka ty\u00f6pajaan sirkukselta alle 7km.<\/i><\/p>\n\n\n\n<p><b>Sosiaalisen sirkuksen ty\u00f6pajat<\/b><\/p>\n\n\n\n<p>Sosiaalisen sirkuksen ty\u00f6pajoissa keskityt\u00e4\u00e4n ryhm\u00e4ytymiseen, yhdess\u00e4 tekemiseen ja saadaan onnistumisen kokemuksia. Ty\u00f6pajan teemana voi olla esimerkiksi ryhm\u00e4ytyminen, kiusaamisen ennaltaehk\u00e4isy, positiivisia kokemuksia liikunnasta tai vaikka matematiikan opiskelu jongleerauksen keinoin. Sirkus mahdollistaa monet keinot kirjavien lajivaihtoehtojensa vuoksi. Sosiaalisen sirkuksen ty\u00f6pajoja voidaan j\u00e4rjest\u00e4\u00e4 tavallisten tallaajien lis\u00e4ksi esimerkiksi erityisoppilaille, kehitysvammaisille, p\u00e4ihdekuntoutujille tai vanhuksille.<\/p>\n\n\n\n<p>Kesto: 60 \u2013 90min tai sovittavissa erikseen.<br>Ryhm\u00e4koko: 3 \u2013 15<br>Hinta: alkaen 169\u20ac (tai kysy tarjous pidemmist\u00e4 ty\u00f6pajasarjoista)<\/p>\n\n\n\n<p><b>Lajity\u00f6pajat<\/b><\/p>\n\n\n\n<p>Lajity\u00f6pajoissa keskityt\u00e4\u00e4n yhden lajin tekniikan harjoitteluun, ja ohjaajana toimii kyseisen lajin erityisosaaja. Ty\u00f6pajoissa voidaan keskitty\u00e4 esimerkiksi ilma-akrobatiaan, pari-akrobatiaan, jongleeraukseen, yksipy\u00f6r\u00e4iseen tai diaboloon. Lajity\u00f6pajat sopivat kaikille yhdest\u00e4 lajista kiinnostuneille, mutta my\u00f6s esimerkiksi urheilujoukkueille, tanssiharrastajille tai kotijongl\u00f6\u00f6reille harjoittelun monipuolistamiseksi ja tekniikan syvent\u00e4miseksi.<\/p>\n\n\n\n<p>Kesto: 60 min &#8211; 90 min<br>Ryhm\u00e4koko: 1 \u2013 25<br>Hinta: alkaen 169\u20ac &#8211; 380\u20ac (1-2 ohjaajaa, sirkuksen tiloissa)<\/p>\n\n\n\n<p><b>Sirkusajokortti<\/b><\/p>\n\n\n\n<p><b> <\/b>Sirkusajokorttikoulutus on tarkoitettu sirkusopetuksesta kiinnostuneille. Kurssin aikana k\u00e4yd\u00e4\u00e4n l\u00e4pi nelj\u00e4 kokonaisuutta (jongleeraus, akrobatia, tasapainoilu ja esiintyminen) ja annetaan perusvalmiudet opettaa sirkusta. Lajit on valittu siten, ett\u00e4 ne on tarjoavat monipuolisesti liikunnallisia kokemuksia ja kehitt\u00e4v\u00e4t mm. motoriikkaa, notkeutta, lihasvoimaa, keskittymiskyky\u00e4 ja yhteishenke\u00e4. Sirkusajokorttikoulutus sopii esim. opettajille, liikuntakerhojen vet\u00e4jille ja urheiluvalmentajille, jotka haluavat tarjota lapsille ja nuorille tilaisuuden opetella aivan uusia taitoja, kokeilla rajojaan, kehitt\u00e4\u00e4 sosiaalisia taitoja ja antaa esiintymiskokemusta.<\/p>\n\n\n\n<p>Kesto: 8 tuntia, joka voidaan jakaa useammalle p\u00e4iv\u00e4lle<br>Ryhm\u00e4koko: 1 \u2013 15<br>Hinta: 1100\u20ac (sirkuksen tiloissa)<\/p>\n\n\n\n<p><b>Lis\u00e4tiedot ja tarjouspyynn\u00f6t:<\/b><br>ouluntahtisirkus@gmail.com<br>040 418 1750<\/p>\n","protected":false},"excerpt":{"rendered":"<p>Suositut sirkusty\u00f6pajat sopivat monelaisiin tapahtumiin ja tilanteisiin, niin lapsille kuin aikuisille. Pajan voi tilata p\u00e4iv\u00e4kotiin, kouluun, ty\u00f6paikan virkistysp\u00e4iv\u00e4\u00e4n, polttariporukalle tai pikkujouluohjelmaksi, sen voi antaa lahjaksi tai ottaa osaksi isompaa tapahtumaa. Ty\u00f6pajoissa t\u00e4rkeint\u00e4 on iloinen tekeminen ja uusien asioiden kokeilu \u2013 mit\u00e4\u00e4n ennakkotaitoja ei tarvita! Pajoja voidaan j\u00e4rjest\u00e4\u00e4 joko asiakkaan tiloissa tai T\u00e4htisirkuksella. Ty\u00f6pajan hintaan vaikuttaa [&hellip;]<\/p>\n","protected":false},"author":1,"featured_media":0,"parent":0,"menu_order":0,"comment_status":"closed","ping_status":"closed","template":"","meta":{"footnotes":""},"class_list":["post-139","page","type-page","status-publish","hentry"],"_links":{"self":[{"href":"http:\/\/tahtisirkus.fi\/index.php?rest_route=\/wp\/v2\/pages\/139","targetHints":{"allow":["GET"]}}],"collection":[{"href":"http:\/\/tahtisirkus.fi\/index.php?rest_route=\/wp\/v2\/pages"}],"about":[{"href":"http:\/\/tahtisirkus.fi\/index.php?rest_route=\/wp\/v2\/types\/page"}],"author":[{"embeddable":true,"href":"http:\/\/tahtisirkus.fi\/index.php?rest_route=\/wp\/v2\/users\/1"}],"replies":[{"embeddable":true,"href":"http:\/\/tahtisirkus.fi\/index.php?rest_route=%2Fwp%2Fv2%2Fcomments&post=139"}],"version-history":[{"count":26,"href":"http:\/\/tahtisirkus.fi\/index.php?rest_route=\/wp\/v2\/pages\/139\/revisions"}],"predecessor-version":[{"id":3770,"href":"http:\/\/tahtisirkus.fi\/index.php?rest_route=\/wp\/v2\/pages\/139\/revisions\/3770"}],"wp:attachment":[{"href":"http:\/\/tahtisirkus.fi\/index.php?rest_route=%2Fwp%2Fv2%2Fmedia&parent=139"}],"curies":[{"name":"wp","href":"https:\/\/api.w.org\/{rel}","templated":true}]}}