{"id":173,"date":"2015-05-28T01:15:51","date_gmt":"2015-05-27T22:15:51","guid":{"rendered":"http:\/\/tahtisirkus.fi\/?page_id=173"},"modified":"2026-05-08T22:09:46","modified_gmt":"2026-05-08T19:09:46","slug":"oulun-tahtisirkusyhdistys-ry","status":"publish","type":"page","link":"http:\/\/tahtisirkus.fi\/?page_id=173","title":{"rendered":"OULUN T\u00c4HTISIRKUSYHDISTYS RY"},"content":{"rendered":"<div class=\"wp-block-image\">\n<figure class=\"alignright\"><img loading=\"lazy\" decoding=\"async\" width=\"482\" height=\"723\" src=\"http:\/\/tahtisirkus.fi\/wp-content\/uploads\/2015\/05\/rosa.png\" alt=\"rosa\" class=\"wp-image-117\" srcset=\"http:\/\/tahtisirkus.fi\/wp-content\/uploads\/2015\/05\/rosa.png 482w, http:\/\/tahtisirkus.fi\/wp-content\/uploads\/2015\/05\/rosa-200x300.png 200w\" sizes=\"auto, (max-width: 482px) 100vw, 482px\" \/><\/figure>\n<\/div>\n\n\n<p>Sirkusta hallinnoiva Oulun T\u00e4htisirkusyhdistys perustettiin 15.8.2008. Sit\u00e4 ennen sirkuskoulu toimi Suuren T\u00e4htiteatterin alaisuudessa Stellan sirkuskouluna, joka perustettiin vuonna 2000. Yhdistyksen teht\u00e4v\u00e4n\u00e4 on edist\u00e4\u00e4 sirkustaidetta Oulun l\u00e4\u00e4niss\u00e4. Yhdistys yll\u00e4pit\u00e4\u00e4 sirkuskoulua ja nuorisosirkusta, jolla on my\u00f6s esitystoimintaa. Oulun T\u00e4htisirkusyhdistys on Suomen Nuorisosirkusliiton j\u00e4sen ja kuuluu n\u00e4in 22 nuorisosirkuksen valtakunnalliseen verkostoon.<\/p>\n\n\n\n<p>Hallituksemme puheenjohtajana toimii Tiina Kumpum\u00e4ki. Muita hallituksen j\u00e4seni\u00e4 ovat Uoti Huotari, Eea Pelkonen, Sami Pelkonen, Teija Pelkonen, Aili Teirikko, Kerttu Tuomala ja Urho V\u00e4h\u00e4nen. Hallintoa hoidetaan hallituksen ja yhdistyksen kokousten lis\u00e4ksi my\u00f6s s\u00e4\u00e4nn\u00f6llisiss\u00e4 palavereissa.<\/p>\n\n\n\n<p>Jos kiinnostuit yhdistyksen toiminnasta, lis\u00e4tietoja voi kysy\u00e4 s\u00e4hk\u00f6postilla tai kysym\u00e4ll\u00e4 suoraan hallituksen j\u00e4senilt\u00e4. Jokainen sirkuksesta kiinnostunut on tervetullut sirkusyhdistyksen j\u00e4seneksi. J\u00e4senmaksu on 5\u20ac vuodessa (vuosikokouksen p\u00e4\u00e4t\u00f6s).<\/p>\n","protected":false},"excerpt":{"rendered":"<p>Sirkusta hallinnoiva Oulun T\u00e4htisirkusyhdistys perustettiin 15.8.2008. Sit\u00e4 ennen sirkuskoulu toimi Suuren T\u00e4htiteatterin alaisuudessa Stellan sirkuskouluna, joka perustettiin vuonna 2000. Yhdistyksen teht\u00e4v\u00e4n\u00e4 on edist\u00e4\u00e4 sirkustaidetta Oulun l\u00e4\u00e4niss\u00e4. Yhdistys yll\u00e4pit\u00e4\u00e4 sirkuskoulua ja nuorisosirkusta, jolla on my\u00f6s esitystoimintaa. Oulun T\u00e4htisirkusyhdistys on Suomen Nuorisosirkusliiton j\u00e4sen ja kuuluu n\u00e4in 22 nuorisosirkuksen valtakunnalliseen verkostoon. Hallituksemme puheenjohtajana toimii Tiina Kumpum\u00e4ki. Muita hallituksen [&hellip;]<\/p>\n","protected":false},"author":1,"featured_media":0,"parent":0,"menu_order":0,"comment_status":"closed","ping_status":"closed","template":"","meta":{"footnotes":""},"class_list":["post-173","page","type-page","status-publish","hentry"],"_links":{"self":[{"href":"http:\/\/tahtisirkus.fi\/index.php?rest_route=\/wp\/v2\/pages\/173","targetHints":{"allow":["GET"]}}],"collection":[{"href":"http:\/\/tahtisirkus.fi\/index.php?rest_route=\/wp\/v2\/pages"}],"about":[{"href":"http:\/\/tahtisirkus.fi\/index.php?rest_route=\/wp\/v2\/types\/page"}],"author":[{"embeddable":true,"href":"http:\/\/tahtisirkus.fi\/index.php?rest_route=\/wp\/v2\/users\/1"}],"replies":[{"embeddable":true,"href":"http:\/\/tahtisirkus.fi\/index.php?rest_route=%2Fwp%2Fv2%2Fcomments&post=173"}],"version-history":[{"count":19,"href":"http:\/\/tahtisirkus.fi\/index.php?rest_route=\/wp\/v2\/pages\/173\/revisions"}],"predecessor-version":[{"id":3772,"href":"http:\/\/tahtisirkus.fi\/index.php?rest_route=\/wp\/v2\/pages\/173\/revisions\/3772"}],"wp:attachment":[{"href":"http:\/\/tahtisirkus.fi\/index.php?rest_route=%2Fwp%2Fv2%2Fmedia&parent=173"}],"curies":[{"name":"wp","href":"https:\/\/api.w.org\/{rel}","templated":true}]}}