{"id":1005,"date":"2018-05-18T16:40:13","date_gmt":"2018-05-18T13:40:13","guid":{"rendered":"http:\/\/tahtisirkus.fi\/?page_id=1005"},"modified":"2026-01-27T20:16:38","modified_gmt":"2026-01-27T18:16:38","slug":"tietosuojaseloste","status":"publish","type":"page","link":"https:\/\/tahtisirkus.fi\/?page_id=1005","title":{"rendered":"TIETOSUOJASELOSTE"},"content":{"rendered":"\n<p><strong>Tietosuojaseloste<\/strong><br>(p\u00e4ivitetty 2.12.2021)<\/p>\n\n\n\n<p>EU:n tietosuoja-asetuksen (25.5.2018) mukainen tietosuojaseloste<\/p>\n\n\n\n<p><strong>Rekisterin pit\u00e4j\u00e4<\/strong><br>Oulun T\u00e4htisirkusyhdistys ry<br>Kurkelantie 2<br>90230 OULU<br>Puh. 040 418 1750<br>ouluntahtisirkus@gmail.com<br>www.tahtisirkus.fi<br>y-tunnus 2219844-1<\/p>\n\n\n\n<p><strong>Yhteyshenkil\u00f6 rekisteri\u00e4 koskevissa asioissa<\/strong><br>Uoti Huotari, puheenjohtaja<br>Oulun T\u00e4htisirkusyhdistys ry, Kurkelantie 2, 90230 Oulu<br>ouluntahtisirkus@gmail.com<br>Puh. 040 418 1750<\/p>\n\n\n\n<p><strong>Rekisterin nimi<\/strong><br>Oulun T\u00e4htisirkuksen harrastaja- ja j\u00e4senrekisteri<\/p>\n\n\n\n<p><strong>Henkil\u00f6tietojen k\u00e4sittelyn tarkoitus<\/strong><br>Rekister\u00f6idyn henkil\u00f6tietoja k\u00e4ytet\u00e4\u00e4n Oulun T\u00e4htisirkuksen j\u00e4senasioiden hoitamiseen, opintoryhmiin sijoittamiseen, laskutukseen, sis\u00e4iseen tiedotukseen ja yhdistyksen omaan markkinointiin sek\u00e4 tarvittaessa yhteydenpitoon alaik\u00e4isen huoltajaan. Yhteisty\u00f6hankkeissa mukana olevien harrastajien tietoja k\u00e4ytet\u00e4\u00e4n sovittujen yhteisty\u00f6kumppaneiden (esim. Oulun kaupunki) kanssa k\u00e4yt\u00e4v\u00e4\u00e4n viestint\u00e4\u00e4n, joilloin tietojen k\u00e4yt\u00f6st\u00e4 sovitaan henkil\u00f6iden kanssa erikseen. Ilmoittautuessaan j\u00e4seneksi henkil\u00f6 antaa samalla luvan l\u00e4hett\u00e4\u00e4 itselleen yhdistyksen toimintaan liittyvi\u00e4 s\u00e4hk\u00f6postitiedotteita j\u00e4senyytens\u00e4 ajan.<\/p>\n\n\n\n<p><strong>Rekisterin sis\u00e4lt\u00e4m\u00e4t tiedot<\/strong><br>Rekister\u00f6it\u00e4v\u00e4st\u00e4 tallennetaan nimi, syntym\u00e4vuosi, puhelinnumero ja s\u00e4hk\u00f6postiosoite, alaik\u00e4isen kyseess\u00e4 ollessa my\u00f6s huoltajan yhteystieto. Tarpeen vaatiessa voidaan tallentaa my\u00f6s henkil\u00f6tunnus ja osoite.<\/p>\n\n\n\n<p><strong>S\u00e4\u00e4nn\u00f6nmukaiset tietol\u00e4hteet<\/strong><br>Tallennettavat tiedot saadaan rekister\u00f6it\u00e4v\u00e4lt\u00e4 itselt\u00e4\u00e4n, alaik\u00e4isen kyseess\u00e4 ollessa lapsen huoltajalta. Tietoja voidaan saada my\u00f6s yhteisty\u00f6kumppaneilta.<\/p>\n\n\n\n<p><strong>Tietojen s\u00e4ilytys<\/strong><br>J\u00e4sentiedot s\u00e4ilytet\u00e4\u00e4n j\u00e4senyyden ajan. Opintohistoriaan liittyv\u00e4t tiedot s\u00e4ilytet\u00e4\u00e4n pysyv\u00e4sti syksyst\u00e4 2021 alkaen; tietojen poistaminen onnistuu kuitenkin pyyt\u00e4m\u00e4ll\u00e4. Yhteisty\u00f6hankkeissa muiden toimijoiden kanssa toimitaan kyseisen hankkeen tietojen s\u00e4ilytt\u00e4misen periaatteiden mukaisesti &#8211; t\u00e4ll\u00f6in s\u00e4ilytysaika voi olla 2 &#8211; 10 vuotta.<\/p>\n\n\n\n<p><strong>Tietojen luovutus<\/strong><br>Tietoja ei luovuteta muille kolmansille osapuolille suoramarkkinointi- tai muihin tarkoituksiin. Tietoja ei siirret\u00e4 EU:n tai ETA:n ulkopuolelle.<\/p>\n\n\n\n<p><strong>Rekisterin suojaus<\/strong><br>Tietoa ker\u00e4t\u00e4\u00e4n tiedostoihin, jotka ovat palomuurein, salasanoin tai muilla teknisill\u00e4 keinoilla suojattuja. Tietokannat sijaisevat lukituissa tiloissa ja tietoihin p\u00e4\u00e4sev\u00e4t k\u00e4siksi vain tietyt ennalta m\u00e4\u00e4ritellyt henkil\u00f6t. Paperimuotoiset arkistot s\u00e4ilytet\u00e4\u00e4n lukitussa kaapissa.<br>Poikkeuksen muodostavat salikansiot, joissa turvallisuussyist\u00e4 ja nopean tavoitettavuuden vuoksi on tallennettuna nimi ja yhteystieto, alaik\u00e4isen kyseess\u00e4 ollessa huoltajan yhteystieto.<\/p>\n\n\n\n<p><strong>Tarkastus- ja korjausoikeus<\/strong><br>Jokaisella rekister\u00f6idyll\u00e4 on oikeus tarkastaa henkil\u00f6rekisteriin tallennetut tietonsa. Tarkastuspyynt\u00f6 tulee tehd\u00e4 kirjallisesti s\u00e4hk\u00f6postilla osoitteella ouluntahtisirkus@gmail.com. Pyynt\u00f6\u00f6n tulee lis\u00e4t\u00e4 osoitetiedot, johon rekisterinpit\u00e4j\u00e4 voi tiedot l\u00e4hett\u00e4\u00e4. Pyynt\u00f6 voidaan tehd\u00e4 my\u00f6s henkil\u00f6kohtaisesti.<\/p>\n\n\n\n<p>Jokaisella rekister\u00f6idyll\u00e4 on oikeus vaatia henkil\u00f6rekisteriss\u00e4 olevan virheellisen tiedon korjaamista. Korjauspyynt\u00f6 tulee tehd\u00e4 tietoja k\u00e4sittelev\u00e4lle taholle suullisesti tai kirjallisesti s\u00e4hk\u00f6postilla osoitteeseen ouluntahtisirkus@gmail.com.<\/p>\n\n\n\n<p>Jokaisella rekister\u00f6idyll\u00e4 on oikeus pyyt\u00e4\u00e4 tietojensa poistamista. Poistopyynt\u00f6 tulee tehd\u00e4 tietoja k\u00e4sittelev\u00e4lle taholle suullisesti tai kirjallisesti s\u00e4hk\u00f6postilla osoitteeseen ouluntahtisirkus@gmail.com.<\/p>\n","protected":false},"excerpt":{"rendered":"<p>Tietosuojaseloste(p\u00e4ivitetty 2.12.2021) EU:n tietosuoja-asetuksen (25.5.2018) mukainen tietosuojaseloste Rekisterin pit\u00e4j\u00e4Oulun T\u00e4htisirkusyhdistys ryKurkelantie 290230 OULUPuh. 040 418 1750ouluntahtisirkus@gmail.comwww.tahtisirkus.fiy-tunnus 2219844-1 Yhteyshenkil\u00f6 rekisteri\u00e4 koskevissa asioissaUoti Huotari, puheenjohtajaOulun T\u00e4htisirkusyhdistys ry, Kurkelantie 2, 90230 Ouluouluntahtisirkus@gmail.comPuh. 040 418 1750 Rekisterin nimiOulun T\u00e4htisirkuksen harrastaja- ja j\u00e4senrekisteri Henkil\u00f6tietojen k\u00e4sittelyn tarkoitusRekister\u00f6idyn henkil\u00f6tietoja k\u00e4ytet\u00e4\u00e4n Oulun T\u00e4htisirkuksen j\u00e4senasioiden hoitamiseen, opintoryhmiin sijoittamiseen, laskutukseen, sis\u00e4iseen tiedotukseen ja yhdistyksen omaan [&hellip;]<\/p>\n","protected":false},"author":1,"featured_media":0,"parent":0,"menu_order":0,"comment_status":"closed","ping_status":"closed","template":"","meta":{"footnotes":""},"class_list":["post-1005","page","type-page","status-publish","hentry"],"_links":{"self":[{"href":"https:\/\/tahtisirkus.fi\/index.php?rest_route=\/wp\/v2\/pages\/1005","targetHints":{"allow":["GET"]}}],"collection":[{"href":"https:\/\/tahtisirkus.fi\/index.php?rest_route=\/wp\/v2\/pages"}],"about":[{"href":"https:\/\/tahtisirkus.fi\/index.php?rest_route=\/wp\/v2\/types\/page"}],"author":[{"embeddable":true,"href":"https:\/\/tahtisirkus.fi\/index.php?rest_route=\/wp\/v2\/users\/1"}],"replies":[{"embeddable":true,"href":"https:\/\/tahtisirkus.fi\/index.php?rest_route=%2Fwp%2Fv2%2Fcomments&post=1005"}],"version-history":[{"count":6,"href":"https:\/\/tahtisirkus.fi\/index.php?rest_route=\/wp\/v2\/pages\/1005\/revisions"}],"predecessor-version":[{"id":3659,"href":"https:\/\/tahtisirkus.fi\/index.php?rest_route=\/wp\/v2\/pages\/1005\/revisions\/3659"}],"wp:attachment":[{"href":"https:\/\/tahtisirkus.fi\/index.php?rest_route=%2Fwp%2Fv2%2Fmedia&parent=1005"}],"curies":[{"name":"wp","href":"https:\/\/api.w.org\/{rel}","templated":true}]}}