{"id":134,"date":"2015-05-27T23:27:37","date_gmt":"2015-05-27T20:27:37","guid":{"rendered":"http:\/\/tahtisirkus.fi\/?page_id=134"},"modified":"2025-01-30T22:45:25","modified_gmt":"2025-01-30T20:45:25","slug":"esitys","status":"publish","type":"page","link":"https:\/\/tahtisirkus.fi\/?page_id=134","title":{"rendered":"SIRKUSESITYS"},"content":{"rendered":"<img loading=\"lazy\" decoding=\"async\" class=\"alignright wp-image-60 size-full\" src=\"http:\/\/tahtisirkus.fi\/wp-content\/uploads\/2014\/10\/pariakrobatia_sonjajavilja.png\" alt=\"pariakrobatia_sonjajavilja\" width=\"566\" height=\"1000\" srcset=\"https:\/\/tahtisirkus.fi\/wp-content\/uploads\/2014\/10\/pariakrobatia_sonjajavilja.png 566w, https:\/\/tahtisirkus.fi\/wp-content\/uploads\/2014\/10\/pariakrobatia_sonjajavilja-170x300.png 170w\" sizes=\"auto, (max-width: 566px) 100vw, 566px\" \/>Kun kaipaat tapahtumaasi jotain uutta ja mieleenpainuvaa ohjelmaa, tilaa meilt\u00e4 sirkusesitys!\n\nJokainen esitys suunnitellaan yhdess\u00e4 tilaajan kanssa tapahtumaan sopivaksi. Esitys voi kest\u00e4\u00e4 muutamasta minuutista l\u00e4hes tuntiin ja sis\u00e4lt\u00e4\u00e4 yhden tai useampia numeroita.\n\nSirkusesitykseen on mahdollista ottaa mukaan taikuri tai yhdist\u00e4\u00e4 esitykseen sirkusty\u00f6paja, jolloin halukkaat p\u00e4\u00e4sev\u00e4t kokeilemaan sirkusv\u00e4lineit\u00e4. Voimme my\u00f6s esiinty\u00e4 useamman kerran saman tapahtuman aikana.\n\nKoska jokainen esitys suunnitellaan erikseen tapahtuman tarpeita varten, esityksien hinta vaihtelee. Hintaan vaikuttaa sek\u00e4 esiintyjien kokemustaso, esityksen lajit, esiintyjien lukum\u00e4\u00e4r\u00e4 ja muut mahdolliset erityisvaatimukset.\n\nHuomaa my\u00f6s harrastajien ja ammattilaisten ero esitysajan ja paikan valinnassa: Harrastajamme ovat usein lapsia ja nuoria, jolloin esitysten tulee sijoittua viikonlopuille (tai muuten soveltuvalle ajalle). Ammattilaisesityksi\u00e4 voidaan j\u00e4rjest\u00e4\u00e4 mihin aikaan vain, ja usein nopealla yll\u00e4tt\u00e4v\u00e4ll\u00e4 aikataulullakin.\n\nEsityksen suunnittelemista ja tarjouksen laatimista varten tarvitsemme tietoja mm. esitystilasta. Alla olevat kysymykset ovat apuna sopivan esityksen suunnittelussa, mutta tarjouksen voi pyyt\u00e4\u00e4 ja sirkukseen olla yhteydess\u00e4 my\u00f6s ennen kuin kaikki yksityiskohdat ovat tiedossa.\n<ul>\n \t<li>Millaista tapahtumaa olette j\u00e4rjest\u00e4m\u00e4ss\u00e4?<\/li>\n \t<li>Aika ja paikka?<\/li>\n \t<li>Mink\u00e4lainen tila teill\u00e4 on varattu esitykselle? Onko esitys lavalla vai lattialla (= samalla tasolla yleis\u00f6n kanssa), ulkona vai sis\u00e4ll\u00e4? Jos ollaan ulkona niin onko alustana nurmikkoa, asvalttia, hiekkaa vai jotain muuta?<\/li>\n \t<li>Mitk\u00e4 ovat esiintymistilan mitat eli leveys, syvyys ja vapaa korkeus? Onko esiintymisalueella jotain tavaroita, mit\u00e4 pit\u00e4isi varoa, esim. soittimia, \u00e4\u00e4nentoistov\u00e4lineit\u00e4 tms.?<\/li>\n \t<li>Onko esiintymispaikassa k\u00e4yt\u00f6ss\u00e4nne mink\u00e4\u00e4nlaista \u00e4\u00e4nentoistoa musiikin soittamista varten, vai tuommeko laitteet mukanamme?<\/li>\n \t<li>Oletteko kiinnostuneet pelk\u00e4st\u00e4 esityksest\u00e4, vai esityksest\u00e4 ja ty\u00f6pajasta?<\/li>\n<\/ul>\nHintaesimerkkej\u00e4 (suuntaa antavia):\n<ul>\n \t<li>Pienimuotoinen harrastajaesitys, jossa on muutamia hyvin harjoiteltuja numeroita esiintymisuran alkutaipaleilta 300\u20ac<\/li>\n \t<li>Keskikokoinen harrastajasirkuskokonaisuus sirkuksen tiloissa 500\u20ac<\/li>\n \t<li>Suurehko harrastajasirkusesitys, r\u00e4\u00e4t\u00e4l\u00f6ity tapahtumaan 1500 &#8211; 2500\u20ac<\/li>\n \t<li>Pieni ammattilaiskeikka kahdella esiintyj\u00e4ll\u00e4 1200\u20ac<\/li>\n \t<li>Keskikokoinen ammattilaiskeikka, jossa sis\u00e4lt\u00f6 r\u00e4\u00e4t\u00e4l\u00f6ity 1500\u20ac<\/li>\n<\/ul>\n<b>Lis\u00e4tiedot ja tarjouspyynn\u00f6t:<\/b>\nouluntahtisirkus@gmail.com\npuh. 040 418 1750","protected":false},"excerpt":{"rendered":"<p>Kun kaipaat tapahtumaasi jotain uutta ja mieleenpainuvaa ohjelmaa, tilaa meilt\u00e4 sirkusesitys! Jokainen esitys suunnitellaan yhdess\u00e4 tilaajan kanssa tapahtumaan sopivaksi. Esitys voi kest\u00e4\u00e4 muutamasta minuutista l\u00e4hes tuntiin ja sis\u00e4lt\u00e4\u00e4 yhden tai useampia numeroita. Sirkusesitykseen on mahdollista ottaa mukaan taikuri tai yhdist\u00e4\u00e4 esitykseen sirkusty\u00f6paja, jolloin halukkaat p\u00e4\u00e4sev\u00e4t kokeilemaan sirkusv\u00e4lineit\u00e4. Voimme my\u00f6s esiinty\u00e4 useamman kerran saman tapahtuman aikana. [&hellip;]<\/p>\n","protected":false},"author":1,"featured_media":0,"parent":0,"menu_order":0,"comment_status":"closed","ping_status":"closed","template":"","meta":{"footnotes":""},"class_list":["post-134","page","type-page","status-publish","hentry"],"_links":{"self":[{"href":"https:\/\/tahtisirkus.fi\/index.php?rest_route=\/wp\/v2\/pages\/134","targetHints":{"allow":["GET"]}}],"collection":[{"href":"https:\/\/tahtisirkus.fi\/index.php?rest_route=\/wp\/v2\/pages"}],"about":[{"href":"https:\/\/tahtisirkus.fi\/index.php?rest_route=\/wp\/v2\/types\/page"}],"author":[{"embeddable":true,"href":"https:\/\/tahtisirkus.fi\/index.php?rest_route=\/wp\/v2\/users\/1"}],"replies":[{"embeddable":true,"href":"https:\/\/tahtisirkus.fi\/index.php?rest_route=%2Fwp%2Fv2%2Fcomments&post=134"}],"version-history":[{"count":11,"href":"https:\/\/tahtisirkus.fi\/index.php?rest_route=\/wp\/v2\/pages\/134\/revisions"}],"predecessor-version":[{"id":3103,"href":"https:\/\/tahtisirkus.fi\/index.php?rest_route=\/wp\/v2\/pages\/134\/revisions\/3103"}],"wp:attachment":[{"href":"https:\/\/tahtisirkus.fi\/index.php?rest_route=%2Fwp%2Fv2%2Fmedia&parent=134"}],"curies":[{"name":"wp","href":"https:\/\/api.w.org\/{rel}","templated":true}]}}