{"id":143,"date":"2015-05-27T23:43:54","date_gmt":"2015-05-27T20:43:54","guid":{"rendered":"http:\/\/tahtisirkus.fi\/?page_id=143"},"modified":"2025-04-22T18:19:02","modified_gmt":"2025-04-22T15:19:02","slug":"tilavuokraus","status":"publish","type":"page","link":"https:\/\/tahtisirkus.fi\/?page_id=143","title":{"rendered":"TILAVUOKRAUS"},"content":{"rendered":"<p><img loading=\"lazy\" decoding=\"async\" class=\"alignright wp-image-188 size-full\" src=\"http:\/\/tahtisirkus.fi\/wp-content\/uploads\/2015\/05\/trapetsi9.png\" alt=\"trapetsi9\" width=\"497\" height=\"969\" srcset=\"https:\/\/tahtisirkus.fi\/wp-content\/uploads\/2015\/05\/trapetsi9.png 497w, https:\/\/tahtisirkus.fi\/wp-content\/uploads\/2015\/05\/trapetsi9-154x300.png 154w\" sizes=\"auto, (max-width: 497px) 100vw, 497px\" \/>T\u00e4htisirkuksen tiloja on mahdollista vuokrata harjoitus- ja esitysk\u00e4ytt\u00f6\u00f6n. Tiloissa on vapaita aikoja arkisin p\u00e4iv\u00e4aikaan ja viikonloppuisin. Kes\u00e4tauon aikana on mahdollisuus pitkille koko p\u00e4iv\u00e4n mittaisille tilank\u00e4ytt\u00f6sopimuksille.<\/p>\n<p>K\u00e4yt\u00f6ss\u00e4mme osoitteessa Posantie 6 on kaksi harjoitussalia, aulatila, kaksi pukuhuonetta ja kolme vessaa. Isossa salissa (208m2) on alustana tanssimatot. Permantosalissa (102m2) on akrobatiaan soveltuva joustopermanto. Korkeutta on kattoon 7m, josta t\u00e4ysin vapaata korkeutta 6m.<\/p>\n<p>Valo- ja \u00e4\u00e4nikalusto tai tavaroiden s\u00e4ilytys sirkuksen tiloissa ei kuulu vuokraan ilman erillist\u00e4 sopimusta. Salin on oltava k\u00e4ytt\u00f6kunnossa ja siivottuna silloin kun salia ei ole vuokrattu (esim. p\u00e4iv\u00e4vuokralaisten j\u00e4ljilt\u00e4 opetuskunnossa iltaa varten).<\/p>\n<p>Vuokralainen on velvollinen huolehtimaan, ettei kiinteist\u00f6n tai sen osan k\u00e4ytt\u00f6 aiheuta h\u00e4iri\u00f6t\u00e4 tai vaaratilannetta tilassa oleskeleville henkil\u00f6ille, ohikulkijoille tai ymp\u00e4rist\u00f6n asukkaille. Tilaisuuden j\u00e4rjest\u00e4miseen mahdollisesti vaadittavat viranomaisluvat ja -ilmoitukset vuokralainen on velvollinen huolehtimaan itse. Oulun T\u00e4htisirkuksen tapaturmavakuutus ei kata sirkusopetuksen ulkopuolella sattuneita tapaturmia sirkuskoulun tiloissa.<\/p>\n<p>Vuokralainen sitoutuu siivoamaan tilan k\u00e4yt\u00f6n j\u00e4lkeen, sek\u00e4 korjaamaan mahdolliset vahingot. Tilan on oltava vuokrauksen p\u00e4\u00e4tytty\u00e4 samassa kunnossa, kuin se oli vuokrauksen alkaessa. Muutoin vuokranantajalla on oikeus tilata paikalle siivooja ja\/tai korjaaja, jonka ty\u00f6st\u00e4 aiheutuneet kustannukset veloitetaan vuokraajalta.<\/p>\n<p><b>Hinnat:<\/b><br \/>Iso sali tai Permanto 25\u20ac\/tunti (pitkiss\u00e4 sopimuksissa alennus!)<br \/>Valokaluston k\u00e4ytt\u00f6 +10\u20ac \/ tunti.<\/p>\n<p><b>Esitt\u00e4vien taiteiden ammattilaiset ja sirkuksen j\u00e4senet:<\/b><\/p>\n<p>Kun sirkuksen tiloissa ei ole muuta toimintaa, sirkusyhdistyksen j\u00e4senet ja esitt\u00e4vien taiteiden ammattilaiset voivat harjoitella tiloissa pient\u00e4 korvausta vastaan (ks. <a href=\"https:\/\/tahtisirkus.fi\/?page_id=2631\">j\u00e4sentreeni<\/a>).<\/p>\n<p><b>Lis\u00e4tiedot:<\/b><br \/>ouluntahtisirkus@gmail.com<br \/>040 418 1750<\/p>\n\n\n<p><\/p>\n","protected":false},"excerpt":{"rendered":"<p>T\u00e4htisirkuksen tiloja on mahdollista vuokrata harjoitus- ja esitysk\u00e4ytt\u00f6\u00f6n. Tiloissa on vapaita aikoja arkisin p\u00e4iv\u00e4aikaan ja viikonloppuisin. Kes\u00e4tauon aikana on mahdollisuus pitkille koko p\u00e4iv\u00e4n mittaisille tilank\u00e4ytt\u00f6sopimuksille. K\u00e4yt\u00f6ss\u00e4mme osoitteessa Posantie 6 on kaksi harjoitussalia, aulatila, kaksi pukuhuonetta ja kolme vessaa. Isossa salissa (208m2) on alustana tanssimatot. Permantosalissa (102m2) on akrobatiaan soveltuva joustopermanto. Korkeutta on kattoon 7m, josta [&hellip;]<\/p>\n","protected":false},"author":1,"featured_media":0,"parent":0,"menu_order":0,"comment_status":"closed","ping_status":"closed","template":"","meta":{"footnotes":""},"class_list":["post-143","page","type-page","status-publish","hentry"],"_links":{"self":[{"href":"https:\/\/tahtisirkus.fi\/index.php?rest_route=\/wp\/v2\/pages\/143","targetHints":{"allow":["GET"]}}],"collection":[{"href":"https:\/\/tahtisirkus.fi\/index.php?rest_route=\/wp\/v2\/pages"}],"about":[{"href":"https:\/\/tahtisirkus.fi\/index.php?rest_route=\/wp\/v2\/types\/page"}],"author":[{"embeddable":true,"href":"https:\/\/tahtisirkus.fi\/index.php?rest_route=\/wp\/v2\/users\/1"}],"replies":[{"embeddable":true,"href":"https:\/\/tahtisirkus.fi\/index.php?rest_route=%2Fwp%2Fv2%2Fcomments&post=143"}],"version-history":[{"count":13,"href":"https:\/\/tahtisirkus.fi\/index.php?rest_route=\/wp\/v2\/pages\/143\/revisions"}],"predecessor-version":[{"id":3228,"href":"https:\/\/tahtisirkus.fi\/index.php?rest_route=\/wp\/v2\/pages\/143\/revisions\/3228"}],"wp:attachment":[{"href":"https:\/\/tahtisirkus.fi\/index.php?rest_route=%2Fwp%2Fv2%2Fmedia&parent=143"}],"curies":[{"name":"wp","href":"https:\/\/api.w.org\/{rel}","templated":true}]}}