{"id":146,"date":"2015-05-27T23:49:58","date_gmt":"2015-05-27T20:49:58","guid":{"rendered":"http:\/\/tahtisirkus.fi\/?page_id=146"},"modified":"2026-04-28T14:06:02","modified_gmt":"2026-04-28T11:06:02","slug":"hankkeet-ja-projektit","status":"publish","type":"page","link":"https:\/\/tahtisirkus.fi\/?page_id=146","title":{"rendered":"HANKKEET JA PROJEKTIT"},"content":{"rendered":"\n<figure class=\"wp-block-image\"><img loading=\"lazy\" decoding=\"async\" width=\"600\" height=\"105\" src=\"http:\/\/tahtisirkus.fi\/wp-content\/uploads\/2015\/05\/logot-tenho-fi.png\" alt=\"logot-tenho-fi\" class=\"wp-image-531\" srcset=\"https:\/\/tahtisirkus.fi\/wp-content\/uploads\/2015\/05\/logot-tenho-fi.png 600w, https:\/\/tahtisirkus.fi\/wp-content\/uploads\/2015\/05\/logot-tenho-fi-300x53.png 300w\" sizes=\"auto, (max-width: 600px) 100vw, 600px\" \/><\/figure>\n\n\n<div class=\"wp-block-image\">\n<figure class=\"alignright\"><img loading=\"lazy\" decoding=\"async\" width=\"545\" height=\"953\" src=\"http:\/\/tahtisirkus.fi\/wp-content\/uploads\/2015\/05\/volttimiko.png\" alt=\"volttimiko\" class=\"wp-image-191\" srcset=\"https:\/\/tahtisirkus.fi\/wp-content\/uploads\/2015\/05\/volttimiko.png 545w, https:\/\/tahtisirkus.fi\/wp-content\/uploads\/2015\/05\/volttimiko-172x300.png 172w\" sizes=\"auto, (max-width: 545px) 100vw, 545px\" \/><\/figure>\n<\/div>\n\n\n<p><br>\n<b><\/b><\/p>\n\n\n\n<p class=\"lead\"><b><a href=\"http:\/\/www.nuori.fi\/toiminta\/tenho\/\">TENHO-HANKE<\/a> <b><\/b><\/b><\/p>\n\n\n\n<p class=\"lead\">Tenhossa vailla koulutus- tai ty\u00f6paikkaa olevat nuoret tekev\u00e4t taidetta kuudella eri paikkakunnalla Suomessa.&nbsp;Elokuvan, sirkuksen ja teatterin ty\u00f6pajoissa nuoret tutustuvat itseens\u00e4, oppivat toimimaan muiden ihmisten kanssa, asettavat itselleen tavoitteita ja sitoutuvat niiden saavuttamiseen. Tenhossa nuoret saavat ty\u00f6kaluja, joiden avulla opintoihin tai ty\u00f6el\u00e4m\u00e4\u00e4n siirtyminen on helpompaa.<\/p>\n\n\n\n<p class=\"biggest\">Tenho toteutetaan viiden taideorganisaation, Laurea-ammattikorkeakoulun sek\u00e4 Nuorisotutkimusseuran kanssa yhdess\u00e4. Oulun t\u00e4htisirkus, Pirkanmaan elokuvakeskus, Sirkus Magenta, Vaara-kollektiivi ja Varkauden teatteri tekev\u00e4t yhteisty\u00f6t\u00e4 Helsingin, Kajaanin, Oulun, Tampereen, Vantaan ja Varkauden kuntien sek\u00e4 Kainuun soten ja Kainuun liiton kanssa.<\/p>\n\n\n\n<p class=\"biggest\">Kolmevuotisen Tenhon rahoittaa Euroopan sosiaalirahasto. Suomessa hallinnoiva viranomainen on sosiaali- ja terveysministeri\u00f6.<\/p>\n\n\n\n<p><b>MYRSKY \/ VALOSIRKUS 2015<\/b><br>\nValosirkus-toiminta on Myrsky-varoin j\u00e4rjestetty\u00e4 sirkusharjoittelua nuorille ty\u00f6tt\u00f6mille aikuisille. Tavoitteena on ensisijaisesti tukea osallistujien sosiaalista, psyykkist\u00e4 ja fyysist\u00e4 hyvinvointia. Pitk\u00e4ll\u00e4 t\u00e4ht\u00e4imell\u00e4 toiminnan tavoitteena on lis\u00e4t\u00e4 nuorten osallisuutta yhteiskunnassa ja ennaltaehk\u00e4ist\u00e4 syrj\u00e4ytymist\u00e4. Valosirkus-toiminnan aikana tutustutaan laajalti erilaisiin sirkuslajeihin, kuten jongleeraukseen, akrobatiaan, tasapainoilulajeihin ja ilma-akrobatiaan.<\/p>\n\n\n\n<p>Myrsky-hankkeen internet-sivusto http:\/\/www.myrsky.info\/<\/p>\n\n\n\n<p><b>MYRSKY \/ NOVASIRKUS 2014<\/b><br>\nNovasirkus-toiminnan tavoitteena on edist\u00e4\u00e4 nuorten ty\u00f6llistymist\u00e4 ja ennaltaehk\u00e4ist\u00e4 nuorten syrj\u00e4ytymist\u00e4 pitk\u00e4ll\u00e4 aikav\u00e4lill\u00e4 sirkustaiteen keinoin. Toimintaan osallistutaan Oulun kaupungin j\u00e4rjest\u00e4m\u00e4n kuntouttavan ty\u00f6toiminnan kautta. Tavoitteena on rakentaa yhdess\u00e4 edellytyksi\u00e4 sirkustoiminnalle, sek\u00e4 toteuttaa ryhm\u00e4n yhteisi\u00e4 esitt\u00e4v\u00e4n taiteen produktioita. Taiteellisen toiminnan lis\u00e4ksi oleellista on, ett\u00e4 osallistujat saavat toiminnassa kokeilla erilaisia rooleja ja teht\u00e4vi\u00e4 sek\u00e4 onnistua eri tavoin ty\u00f6n tekemisen kautta. Projektin kautta nuorilla on mahdollisuus p\u00e4\u00e4st\u00e4 tutustumaan sirkustaiteen lis\u00e4ksi my\u00f6s muihin esitt\u00e4v\u00e4n taiteen aloihin, kuten tanssiin, teatteriin ja elokuvaan.<\/p>\n\n\n\n<p>&#8221;Myrsky-hankkeessa 12-29 -vuotiaat nuoret p\u00e4\u00e4sev\u00e4t itse tekem\u00e4\u00e4n taidetta omista l\u00e4ht\u00f6kohdistaan k\u00e4sin taiteen ammattilaisten ohjaamina. Mukana ovat kaikki taiteenalat teatterista sarjakuvan kautta sirkukseen ja elokuvaan. Myrskyn tavoite on tarjota nuorille mahdollisuus etsi\u00e4 taiteen avulla omaa identiteetti\u00e4\u00e4n, kasvattaa itseluottamustaan ja saada syvi\u00e4 yhteis\u00f6llisyyden kokemuksia.\u201d<br>\n\u201cMyrsky-hanke\u201d.<\/p>\n\n\n\n<p>Myrsky-hankkeen internet-sivusto http:\/\/www.myrsky.info\/<br>\nKatso my\u00f6s Myrsky-hankkeen projektigalleria.<\/p>\n\n\n\n<p><b>ARCTIC FRIENDSHIP FESTIVAL 2014<\/b><br>\nOulun T\u00e4htisirkus osallistui Norjan Finnsnesiss\u00e4 j\u00e4rjestetylle Arctic Friendship -festivaaleille. Oulun T\u00e4htisirkus osallistui festivaalin ty\u00f6pajojen ja esitysten j\u00e4rjest\u00e4miseen yhdess\u00e4 muiden osallistujatahojen kanssa. T\u00e4htisirkuksen sirkusty\u00f6pajoihin osallistui arviolta 1000-2000 lasta ja nuorta. Festivaalilla pyrittiin lis\u00e4\u00e4m\u00e4\u00e4n pohjoisen alueen yhteisty\u00f6t\u00e4, ja osallistujia oli sirkuksen, tanssin ja teatterin saralta Suomesta, Norjasta ja Ven\u00e4j\u00e4lt\u00e4.<\/p>\n\n\n\n<p>Yhteisty\u00f6 Arkangelissa toimivan ven\u00e4l\u00e4isen Sirkus Vesarin kanssa jatkui Arctic Friendship -festivaaleilla. Tapahtumassa vedettiin ty\u00f6pajoja ja esiinnyttiin ven\u00e4l\u00e4isten, norjalaisten ja suomalaisten yhteisvoimin. Tapahtumassa lis\u00e4ksi suunniteltiin alustavasti jatkoa pohjoisen alueen sirkusyhteisty\u00f6lle.<\/p>\n\n\n\n<p><b>VAIKUTTAVA SIRKUS -HANKE 2011 \u2013 2014<\/b><br>\nOulun T\u00e4htisirkus oli mukana valtakunnallisessa Vaikuttava sirkus -hankkeessa, joka oli jatkoa Tampereen yliopiston Tutkivan teatterity\u00f6n keskuksen hallinnoimalle Sosiaalinen Sirkus -hankkeelle (2009 &#8211; 2011). Hankkeen tavoitteena oli lis\u00e4t\u00e4 kuntien ja sirkusten v\u00e4list\u00e4 yhteisty\u00f6t\u00e4, kehitt\u00e4\u00e4 sirkuksen hyvinvointipalveluja sek\u00e4 todentaa sirkuksen hyvinvointivaikutuksia.<\/p>\n\n\n\n<p>Vaikuttava sirkus -hankkeen Oulun osahankkeessa sirkusopetusta tarjottiin erityist\u00e4 tukea tarvitseville oppilasryhmille Oulun kouluissa. Yhteisty\u00f6kumppanina toimi Oulun opetustoimen Erityisen tuen yksikk\u00f6. Sen mukaisesti kohderyhm\u00e4n\u00e4 ovat kaikki erityistukea tarvitsevat oppilaat kouluissa: valmistavien luokkien oppilaat eli maahanmuuttajat, erityiskoulujen ja -luokkien oppilaat ja ns. pienryhm\u00e4luokkien oppilaat.<\/p>\n\n\n\n<p>Vaikuttava sirkus oli Tampereen yliopiston Tutkivan teatterity\u00f6n keskuksen hallinnoima valtakunnallinen ESR-hanke, jonka p\u00e4\u00e4rahoittajana toimii Lapin elinkeino-, liikenne- ja ymp\u00e4rist\u00f6keskus. Oulun T\u00e4htisirkuksen projektivastaavana toimi Anna-Kaisa J\u00e4rvi.<br>\nTutustu Vaikuttavaan sirkukseen osoitteessa: www.vaikuttavasirkus.fi<\/p>\n\n\n\n<p><b>SOSIAALINEN SIRKUS -HANKE 2009 \u2013 2011<\/b><br>\nOulun T\u00e4htisirkus oli mukana valtakunnallisessa Sosiaalinen sirkus -hankkeessa, jota hallinnoi Tampereen yliopiston Tutkivan teatterity\u00f6n keskus. Hankkeen tavoitteena oli juurruttaa sosiaalinen sirkus pysyv\u00e4ksi osaksi suomalaista sirkuskentt\u00e4\u00e4 ja kuntien ostamia hyvinvointipalveluja. Syyskuussa 2011 hanke julkaisi p\u00e4\u00e4teoksensa, Sosiaalisen sirkuksen hyvien k\u00e4yt\u00e4nt\u00f6jen oppaan, johon on ker\u00e4tty kahden vuoden kokemukset siit\u00e4, mit\u00e4 sosiaalisen sirkuksen opettamisessa ja organisoinnissa on hyv\u00e4 ottaa huomioon.<\/p>\n\n\n\n<p>Oulun osahankkeessa kohderyhm\u00e4n\u00e4 olivat maahanmuuttajalapset ja nuoret. Heille j\u00e4rjestettiin s\u00e4\u00e4nn\u00f6llist\u00e4 sirkusopetusta muun muassa Koskelan ja Terva-Toppilan kouluilla. Hankkeen aikana vuosina 2009 &#8211; 2011 kehitettiin sosiaalisen sirkuksen metodeja ja vietiin sirkusopetusta erityisryhmille. Yhteisty\u00f6ss\u00e4 mukana olivat Oulun opetustoimi, Valveen lastenkulttuuri ja Oulun kaupungin kansainv\u00e4linen toiminta.<\/p>\n\n\n\n<p>Tutustu Sosiaalisen sirkukseen osoitteessa http:\/\/sosiaalinensirkus.fi\/<\/p>\n\n\n\n<p><b>MYRSKY \/ YHTEISTY\u00d6 HYV\u00c4N MIELEN TALO RY:N KANSSA 2008<\/b><br>\nSyksyll\u00e4 2008 Oulun T\u00e4htisirkus oli mukana Hyv\u00e4n mielen talo ry:n Myrsky-projektissa. Projektin tavoitteena oli tarjota toimintaa erityisesti nuorille, joiden vanhemmilla on mielenterveydellisi\u00e4 h\u00e4iri\u00f6it\u00e4, psyykkist\u00e4 sairautta, p\u00e4ihdeongelmia tai muuta kuormittuneisuutta. Oulun T\u00e4htisirkus osallistui toimintaan j\u00e4rjest\u00e4m\u00e4ll\u00e4 sirkusleirej\u00e4 4.\u20138.8.2008.<\/p>\n\n\n\n<p>Tutustu Myrsky-hankkeeseen lis\u00e4\u00e4 osoitteessa http:\/\/www.myrsky.info\/<\/p>\n\n\n\n<p><b>SIRKUS VESAR &#8211; KANSAINV\u00c4LINEN YHTEISTY\u00d6 2001 \u2013<\/b><br>\nOulun T\u00e4htisirkuksen kansainv\u00e4linen toiminta on keskittynyt yst\u00e4vyyssuhteiden luomiseen Arkangelilaisen nuorisosirkus Vesarin kanssa. Sirkus Vesar on ollut Suuren T\u00e4htiteatterin ja Oulun T\u00e4htisirkuksen vieraana nelj\u00e4 kertaa vuosina 2001\u20132007. Kes\u00e4ll\u00e4 2001 se oli mukana Oulun l\u00e4\u00e4nin taidetoimikunnan j\u00e4rjest\u00e4mill\u00e4 Sirkku 2001 -sirkusfestivaaleilla Oulussa, Pudasj\u00e4rvell\u00e4, Taivalkoskella ja Kuusamossa. Kesin\u00e4 2005 ja 2006 Sirkus Vesar palasi Ouluun vierailevaksi esiintyj\u00e4ksi Stellan kes\u00e4sirkukseen, jota esitettiin Oulussa ja Iiss\u00e4. Kes\u00e4ll\u00e4 2007 sirkus esiintyi Oulun Nuku-keskuksessa sek\u00e4 kiertueella Oulun ja Iin ala-asteilla.<\/p>\n\n\n\n<p>Oulun T\u00e4htisirkuksen taiteellinen johtaja ja sirkusohjaaja Anna-Kaisa J\u00e4rvi (Klovni Stella) vieraili Arkangelissa marraskuussa 2005 Sirkus Vesarin 25-vuotisfestivaaleilla. H\u00e4n toimi festivaalikatselmuksen jyryn puheenjohtajana sek\u00e4 ty\u00f6pajan vet\u00e4j\u00e4n\u00e4 ja my\u00f6s esiintyi juhlagaalassa.<br>\nSirkus Vesarin ja Oulun T\u00e4htisirkuksen yhteisty\u00f6t\u00e4 ja vierailuja on tarkoitus kehitt\u00e4\u00e4 edelleen vuoropuheluna erilaisten sirkuskulttuurien v\u00e4lill\u00e4. Sirkus Vesarin ohjaajat Anastasia ja Vasili Scherban ovat arvostettuja sirkuspedagogeja Ven\u00e4j\u00e4ll\u00e4. Suomalaisella sirkuspedagogiikalla on taas annettavana nuoren sirkuskulttuurin tuoreus ja painotus lasten omaan ilmaisuun kurinalaisuuden ja teknisen osaamisen rinnalla. Sirkus Vesarin ja Oulun T\u00e4htisirkuksen nuorten v\u00e4lille on jo syntynyt yst\u00e4vyyssuhteita, jotka ovat merkki aidosta kansainv\u00e4lisyydest\u00e4, erilaisten kulttuurien kunnioittamisesta ja hyv\u00e4ksymisest\u00e4. Tulevaisuudessa Oulun T\u00e4htisirkuksen tavoitteena on kehitt\u00e4\u00e4 olemassa olevaa yhteistoimintaa edelleen ja verkostoitua my\u00f6s muiden kansainv\u00e4listen sirkusten kanssa.<\/p>\n","protected":false},"excerpt":{"rendered":"<p>TENHO-HANKE Tenhossa vailla koulutus- tai ty\u00f6paikkaa olevat nuoret tekev\u00e4t taidetta kuudella eri paikkakunnalla Suomessa.&nbsp;Elokuvan, sirkuksen ja teatterin ty\u00f6pajoissa nuoret tutustuvat itseens\u00e4, oppivat toimimaan muiden ihmisten kanssa, asettavat itselleen tavoitteita ja sitoutuvat niiden saavuttamiseen. Tenhossa nuoret saavat ty\u00f6kaluja, joiden avulla opintoihin tai ty\u00f6el\u00e4m\u00e4\u00e4n siirtyminen on helpompaa. Tenho toteutetaan viiden taideorganisaation, Laurea-ammattikorkeakoulun sek\u00e4 Nuorisotutkimusseuran kanssa yhdess\u00e4. Oulun [&hellip;]<\/p>\n","protected":false},"author":1,"featured_media":0,"parent":0,"menu_order":0,"comment_status":"closed","ping_status":"closed","template":"","meta":{"footnotes":""},"class_list":["post-146","page","type-page","status-publish","hentry"],"_links":{"self":[{"href":"https:\/\/tahtisirkus.fi\/index.php?rest_route=\/wp\/v2\/pages\/146","targetHints":{"allow":["GET"]}}],"collection":[{"href":"https:\/\/tahtisirkus.fi\/index.php?rest_route=\/wp\/v2\/pages"}],"about":[{"href":"https:\/\/tahtisirkus.fi\/index.php?rest_route=\/wp\/v2\/types\/page"}],"author":[{"embeddable":true,"href":"https:\/\/tahtisirkus.fi\/index.php?rest_route=\/wp\/v2\/users\/1"}],"replies":[{"embeddable":true,"href":"https:\/\/tahtisirkus.fi\/index.php?rest_route=%2Fwp%2Fv2%2Fcomments&post=146"}],"version-history":[{"count":9,"href":"https:\/\/tahtisirkus.fi\/index.php?rest_route=\/wp\/v2\/pages\/146\/revisions"}],"predecessor-version":[{"id":3763,"href":"https:\/\/tahtisirkus.fi\/index.php?rest_route=\/wp\/v2\/pages\/146\/revisions\/3763"}],"wp:attachment":[{"href":"https:\/\/tahtisirkus.fi\/index.php?rest_route=%2Fwp%2Fv2%2Fmedia&parent=146"}],"curies":[{"name":"wp","href":"https:\/\/api.w.org\/{rel}","templated":true}]}}