{"id":152,"date":"2015-05-27T23:58:06","date_gmt":"2015-05-27T20:58:06","guid":{"rendered":"http:\/\/tahtisirkus.fi\/?page_id=152"},"modified":"2025-12-02T22:44:15","modified_gmt":"2025-12-02T20:44:15","slug":"hinnat","status":"publish","type":"page","link":"https:\/\/tahtisirkus.fi\/?page_id=152","title":{"rendered":"HINNAT"},"content":{"rendered":"\n<p>L\u00e4het\u00e4mme lukukausimaksut ilmoittautumisen yhteydess\u00e4 annettuun s\u00e4hk\u00f6postiin.<\/p>\n\n\n\n<p>Syyslukukauden ajankohta on 11.8. &#8211; 19.12.2025, ja se sis\u00e4lt\u00e4\u00e4 18 opetusviikkoa, joista yksi on joulun\u00e4yt\u00f6s. Viikolla 43 (syysloma) ei j\u00e4rjestet\u00e4 opetusta.<\/p>\n\n\n\n<p><b>LUKUKAUSIMAKSUT (Syksy 2025, Kev\u00e4t 2026)<br><\/b><\/p>\n\n\n\n<p><strong>Leikkisirkukset<br><\/strong><\/p>\n\n\n\n<ul class=\"wp-block-list\">\n<li>Opetusta 1 h viikossa <strong>228\u20ac<\/strong><\/li>\n<\/ul>\n\n\n\n<p><strong>Alkeis-, jatko- ja edistyneiden ryhm\u00e4t, lajiryhm\u00e4t, aikuisten ryhm\u00e4t<br><\/strong><\/p>\n\n\n\n<ul class=\"wp-block-list\">\n<li>Opetusta 1 h viikossa <strong>228\u20ac<\/strong><\/li>\n\n\n\n<li>Opetusta 1,5 h viikossa <strong>258\u20ac<\/strong><\/li>\n\n\n\n<li>Lis\u00e4ryhm\u00e4n\u00e4 <strong>+150\u20ac<\/strong> \/ ryhm\u00e4 \/ lukukausi<\/li>\n<\/ul>\n\n\n\n<p><strong>Lyhemm\u00e4n lukukauden ryhm\u00e4t (16 krt)<\/strong><\/p>\n\n\n\n<ul class=\"wp-block-list\">\n<li>Opetusta 1,5 h viikossa <strong>229\u20ac<\/strong><\/li>\n\n\n\n<li>Opetusta 1 h viikossa <strong>203\u20ac<\/strong><\/li>\n<\/ul>\n\n\n\n<p><strong>Perhesirkus 60min (aikuiset pienten lasten kanssa)<br><\/strong><\/p>\n\n\n\n<ul class=\"wp-block-list\">\n<li>2 hl\u00f6\u00e4 <strong>275\u20ac<\/strong><\/li>\n\n\n\n<li>3 hl\u00f6\u00e4 <strong>320\u20ac<\/strong><\/li>\n\n\n\n<li>4 hl\u00f6\u00e4 <strong>365\u20ac<\/strong><\/li>\n<\/ul>\n\n\n\n<p><strong>Perhesirkus 90min (aikuiset isompien lasten kanssa)<br><\/strong><\/p>\n\n\n\n<ul class=\"wp-block-list\">\n<li>2 hl\u00f6\u00e4 <strong>324\u20ac<\/strong><\/li>\n\n\n\n<li>3 hl\u00f6\u00e4 <strong>374\u20ac<\/strong><\/li>\n\n\n\n<li>4 hl\u00f6\u00e4 <strong>424\u20ac<\/strong><\/li>\n<\/ul>\n\n\n\n<p><strong>Lukukausimaksun alennus loukkaantumisen tai muuton vuoksi<\/strong><\/p>\n\n\n\n<p>Lukukausimaksua alennetaan, jos osallistuminen tunneille on mahdotonta loukkaantumisen vuoksi, tai jos osallistuja muuttaa paikkakunnalle tai pois paikkakunnalta kesken lukukauden. Alennusta haetaan s\u00e4hk\u00f6postilla osoitteesta ouluntahtisirkus@gmail.com.<\/p>\n","protected":false},"excerpt":{"rendered":"<p>L\u00e4het\u00e4mme lukukausimaksut ilmoittautumisen yhteydess\u00e4 annettuun s\u00e4hk\u00f6postiin. Syyslukukauden ajankohta on 11.8. &#8211; 19.12.2025, ja se sis\u00e4lt\u00e4\u00e4 18 opetusviikkoa, joista yksi on joulun\u00e4yt\u00f6s. Viikolla 43 (syysloma) ei j\u00e4rjestet\u00e4 opetusta. LUKUKAUSIMAKSUT (Syksy 2025, Kev\u00e4t 2026) Leikkisirkukset Alkeis-, jatko- ja edistyneiden ryhm\u00e4t, lajiryhm\u00e4t, aikuisten ryhm\u00e4t Lyhemm\u00e4n lukukauden ryhm\u00e4t (16 krt) Perhesirkus 60min (aikuiset pienten lasten kanssa) Perhesirkus 90min (aikuiset [&hellip;]<\/p>\n","protected":false},"author":1,"featured_media":0,"parent":0,"menu_order":0,"comment_status":"closed","ping_status":"closed","template":"","meta":{"footnotes":""},"class_list":["post-152","page","type-page","status-publish","hentry"],"_links":{"self":[{"href":"https:\/\/tahtisirkus.fi\/index.php?rest_route=\/wp\/v2\/pages\/152","targetHints":{"allow":["GET"]}}],"collection":[{"href":"https:\/\/tahtisirkus.fi\/index.php?rest_route=\/wp\/v2\/pages"}],"about":[{"href":"https:\/\/tahtisirkus.fi\/index.php?rest_route=\/wp\/v2\/types\/page"}],"author":[{"embeddable":true,"href":"https:\/\/tahtisirkus.fi\/index.php?rest_route=\/wp\/v2\/users\/1"}],"replies":[{"embeddable":true,"href":"https:\/\/tahtisirkus.fi\/index.php?rest_route=%2Fwp%2Fv2%2Fcomments&post=152"}],"version-history":[{"count":51,"href":"https:\/\/tahtisirkus.fi\/index.php?rest_route=\/wp\/v2\/pages\/152\/revisions"}],"predecessor-version":[{"id":3602,"href":"https:\/\/tahtisirkus.fi\/index.php?rest_route=\/wp\/v2\/pages\/152\/revisions\/3602"}],"wp:attachment":[{"href":"https:\/\/tahtisirkus.fi\/index.php?rest_route=%2Fwp%2Fv2%2Fmedia&parent=152"}],"curies":[{"name":"wp","href":"https:\/\/api.w.org\/{rel}","templated":true}]}}