{"id":163,"date":"2015-05-28T01:01:16","date_gmt":"2015-05-27T22:01:16","guid":{"rendered":"http:\/\/tahtisirkus.fi\/?page_id=163"},"modified":"2026-05-12T16:06:19","modified_gmt":"2026-05-12T13:06:19","slug":"tapahtuu-nyt","status":"publish","type":"page","link":"https:\/\/tahtisirkus.fi\/","title":{"rendered":"TAPAHTUU NYT!"},"content":{"rendered":"\n<div class=\"panel-group xa-default\"  id=\"accordion-1\" role=\"tablist\" aria-multiselectable=\"true\">\n<div class=\"panel panel-default\">\n                <div class=\"panel-heading\" role=\"tab\" id=\"headingOne\">\n                    <h4 class=\"panel-title\">\n                        <a data-toggle=\"collapse\" data-parent=\"#accordion-1\" href=\"#acc-2\" aria-expanded=\"true\" aria-controls=\"collapseOne\">\n                            <i class=\"fa fa-\"><\/i> Sirkusesitys Altum mare - Meren syvyyksiss\u00e4 la 23.5. klo 14 ja 16\n                        <\/a>\n                    <\/h4>\n                <\/div>\n                <div id=\"acc-2\" class=\"panel-collapse collapse \" role=\"tabpanel\" aria-labelledby=\"headingOne\">\n                    <div class=\"panel-body\">\n<p><b>PEGASOKSET ESITT\u00c4\u00c4: Altum mare &#8211; Meren syvyyksiss\u00e4<\/b><\/p>\n<p>T\u00e4htisirkuksen esiintyv\u00e4n ryhm\u00e4n n\u00e4yt\u00f6kset lauantaina 23.5. Esityksen kesto noin 30min. Esitykset klo 14 ja 16.<\/p>\n<p>Liput 10\u20ac tai 20\u20ac\/4hl\u00f6. Huom! Rajallinen m\u00e4\u00e4r\u00e4 lippuja &#8211; ovelta myyd\u00e4\u00e4n j\u00e4ljell\u00e4 olevat, mutta suosittelemme varaamaan lipun viimeist\u00e4\u00e4n vuorokautta etuk\u00e4teen ouluntahtisirkus@gmail.com -s\u00e4hk\u00f6postiosoitteen kautta varaamalla.<\/p>\n<\/div>\n                <\/div>\n            <\/div>\n<div class=\"panel panel-default\">\n                <div class=\"panel-heading\" role=\"tab\" id=\"headingOne\">\n                    <h4 class=\"panel-title\">\n                        <a data-toggle=\"collapse\" data-parent=\"#accordion-1\" href=\"#acc-3\" aria-expanded=\"true\" aria-controls=\"collapseOne\">\n                            <i class=\"fa fa-\"><\/i> Kes\u00e4leirit ja kes\u00e4n lyhytkurssit\n                        <\/a>\n                    <\/h4>\n                <\/div>\n                <div id=\"acc-3\" class=\"panel-collapse collapse \" role=\"tabpanel\" aria-labelledby=\"headingOne\">\n                    <div class=\"panel-body\">\n<p>Kes\u00e4kurssien ilmoittautuminen aukeaa pian! Alla n\u00e4ht\u00e4viss\u00e4 kes\u00e4kurssien lukuj\u00e4rjestys ensimm\u00e4iselle viikolle. Kes\u00e4leirit pidet\u00e4\u00e4n 1. &#8211; 5.6. ja 15. &#8211; 18.6.<\/p>\n<p>Ilmoittaudu mukaan <a href=\"https:\/\/tahtisirkus.fi\/?page_id=2371\">NETTI-ILMOITTAUTUMISELLA<\/a>.<\/p>\n<h4>Hinnat kes\u00e4kursseille<\/h4>\n<ul>\n<li>Yksi kurssi (60min tunnit) &#8211; 55\u20ac per osallistuja<\/li>\n<li>Yksi kurssi (90min tunnit) &#8211; 70\u20ac per osallistuja<\/li>\n<li>Kaksi kurssia &#8211; 110\u20ac per osallistuja<\/li>\n<li>Kes\u00e4leiri 1. &#8211; 5.6. (5pv) &#8211; 250\u20ac per osallistuja<\/li>\n<li>Kes\u00e4leiri 15. &#8211; 18.6. (4pv) &#8211; 200\u20ac per osallistuja<\/li>\n<\/ul>\n<p>Kes\u00e4leiriti ovat klo 9 &#8211; 16 joka p\u00e4iv\u00e4. Paikalle voi tulla klo 8.30 ja toiminta loppuu 16.30. P\u00e4iv\u00e4\u00e4n sis\u00e4ltyy ruokatauko ja ev\u00e4staukoja. Yksi l\u00e4mmin ruoka sis\u00e4ltyy hintaan, mutta ev\u00e4stauoille omat ev\u00e4\u00e4t mukaan!<\/p>\n<img loading=\"lazy\" decoding=\"async\" width=\"1024\" height=\"281\" src=\"http:\/\/tahtisirkus.fi\/wp-content\/uploads\/2026\/04\/Gemini_Generated_Image_hvmzx3hvmzx3hvmz-1024x281.png\" alt=\"\" class=\"wp-image-3726\" srcset=\"https:\/\/tahtisirkus.fi\/wp-content\/uploads\/2026\/04\/Gemini_Generated_Image_hvmzx3hvmzx3hvmz-1024x281.png 1024w, https:\/\/tahtisirkus.fi\/wp-content\/uploads\/2026\/04\/Gemini_Generated_Image_hvmzx3hvmzx3hvmz-300x82.png 300w, https:\/\/tahtisirkus.fi\/wp-content\/uploads\/2026\/04\/Gemini_Generated_Image_hvmzx3hvmzx3hvmz-768x211.png 768w, https:\/\/tahtisirkus.fi\/wp-content\/uploads\/2026\/04\/Gemini_Generated_Image_hvmzx3hvmzx3hvmz-1536x421.png 1536w, https:\/\/tahtisirkus.fi\/wp-content\/uploads\/2026\/04\/Gemini_Generated_Image_hvmzx3hvmzx3hvmz.png 1983w\" sizes=\"auto, (max-width: 1024px) 100vw, 1024px\" \/>\n<\/div>\n                <\/div>\n            <\/div>\n<div class=\"panel panel-default\">\n                <div class=\"panel-heading\" role=\"tab\" id=\"headingOne\">\n                    <h4 class=\"panel-title\">\n                        <a data-toggle=\"collapse\" data-parent=\"#accordion-1\" href=\"#acc-4\" aria-expanded=\"true\" aria-controls=\"collapseOne\">\n                            <i class=\"fa fa-\"><\/i> T\u00e4htisirkuksen kalenteri\n                        <\/a>\n                    <\/h4>\n                <\/div>\n                <div id=\"acc-4\" class=\"panel-collapse collapse \" role=\"tabpanel\" aria-labelledby=\"headingOne\">\n                    <div class=\"panel-body\">\n<iframe loading=\"lazy\" src=\"https:\/\/calendar.google.com\/calendar\/embed?src=784cet8sam0m5p6o1drguf8t14%40group.calendar.google.com&amp;ctz=Europe%2FHelsinki\" style=\"border: 0\" scrolling=\"no\" width=\"800\" height=\"600\" frameborder=\"0\"><\/iframe>\n<iframe loading=\"lazy\" src=\"https:\/\/calendar.google.com\/calendar\/embed?src=nte5g2bpg4f9v9s5mutt0o3g2o%40group.calendar.google.com&amp;ctz=Europe%2FHelsinki\" style=\"border: 0\" scrolling=\"no\" width=\"800\" height=\"600\" frameborder=\"0\"><\/iframe>\n<\/div>\n                <\/div>\n            <\/div>\n<div class=\"panel panel-default\">\n                <div class=\"panel-heading\" role=\"tab\" id=\"headingOne\">\n                    <h4 class=\"panel-title\">\n                        <a data-toggle=\"collapse\" data-parent=\"#accordion-1\" href=\"#acc-5\" aria-expanded=\"true\" aria-controls=\"collapseOne\">\n                            <i class=\"fa fa-\"><\/i> Perhevapari\n                        <\/a>\n                    <\/h4>\n                <\/div>\n                <div id=\"acc-5\" class=\"panel-collapse collapse \" role=\"tabpanel\" aria-labelledby=\"headingOne\">\n                    <div class=\"panel-body\">\n<b>Perhevapari<\/b>\n<p>Perhevaparille lauantaisin voi <a href=\"https:\/\/tahtisirkus.fi\/?page_id=2631\">j\u00e4sentreenin<\/a> kautta tulla kautta kaiken ik\u00e4iset harrastajat aikuisen huoltajan l\u00e4sn\u00e4ollessa (normaalisti omatoimisen j\u00e4sentreenin ik\u00e4raja on 14 vuotta (7-13v aikuisen seurassa). Lue j\u00e4sentreenin ohjeet ja muista maksaa j\u00e4senmaksu kaudelle 2025-2026. Vuorolla ei ole valvojaa sirkuksen henkil\u00f6kunnan puolesta. Perhevaparille voi osallistua my\u00f6s 10\u20ac perhehinnalla, kun maksaja on yhdistyksen j\u00e4sen.<\/p>\n<\/div>\n                <\/div>\n            <\/div>\n<div class=\"panel panel-default\">\n                <div class=\"panel-heading\" role=\"tab\" id=\"headingOne\">\n                    <h4 class=\"panel-title\">\n                        <a data-toggle=\"collapse\" data-parent=\"#accordion-1\" href=\"#acc-6\" aria-expanded=\"true\" aria-controls=\"collapseOne\">\n                            <i class=\"fa fa-\"><\/i> Kev\u00e4tlukukausi 8.1. - 23.5.2026! Kev\u00e4tesitykset 19. - 22.5.\n                        <\/a>\n                    <\/h4>\n                <\/div>\n                <div id=\"acc-6\" class=\"panel-collapse collapse \" role=\"tabpanel\" aria-labelledby=\"headingOne\">\n                    <div class=\"panel-body\">\n<p>Kev\u00e4tlukukausi on k\u00e4ynniss\u00e4! Tilaa on edelleen aikuisten ryhmiss\u00e4.<\/p>\n<h3>Kev\u00e4tn\u00e4yt\u00f6kset 19.5. &#8211; 23.5.<\/h3>\n<h4>TIISTAI 19.5. KLO 18.00<\/h4>\n<p>Asteroidit<br>\nNebulat<br>\nUusikuut<br>\nRiippujat (alustava, sovitaan erikseen)<br>\nHydrat (sovitaan ryhm\u00e4n kanssa erikseen)\n<\/p>\n\n<h4>KESKIVIIKKO 20.5. KLO 18.00<\/h4>\n<p>\nT\u00e4hdenlennot<br>\nRaketit<br>\nRevontulet<br>\nJouhevat (alustava, sovitaan erikseen)<br>\nSukkelat (alustava, sovitaan erikseen)\n<\/p>\n\n<h4>TORSTAI 21.5. KLO 18.00<\/h4>\n<p>\nMets\u00e4t\u00e4hdet<br>\nAuringot<br>\nT\u00e4htip\u00f6lyt<br>\nRimpuilijat (alustava, sovitaan erikseen)<br>\nHydrat (sovitaan ryhm\u00e4n kanssa erikseen)\n<\/p>\n\n<h4>PERJANTAI 22.5. KLO 18.00<\/h4>\n<p>\nSalamat<br>\nSupernovat<br>\nPuolikuut<br>\nT\u00e4ysikuut\n<\/p>\n\n<h4>LAUANTAI 23.5. KAKSI JULKISTA N\u00c4YT\u00d6ST\u00c4<\/h4>\n<p>Esiintyv\u00e4 ryhm\u00e4 Pegasokset<\/p>\n<\/div>\n                <\/div>\n            <\/div>\n<div class=\"panel panel-default\">\n                <div class=\"panel-heading\" role=\"tab\" id=\"headingOne\">\n                    <h4 class=\"panel-title\">\n                        <a data-toggle=\"collapse\" data-parent=\"#accordion-1\" href=\"#acc-7\" aria-expanded=\"true\" aria-controls=\"collapseOne\">\n                            <i class=\"fa fa-\"><\/i> Vauva- ja taaperosirkukset 28.4. - 2.6. (T\u00e4ynn\u00e4)\n                        <\/a>\n                    <\/h4>\n                <\/div>\n                <div id=\"acc-7\" class=\"panel-collapse collapse \" role=\"tabpanel\" aria-labelledby=\"headingOne\">\n                    <div class=\"panel-body\">\n<figure class=\"wp-block-image size-large is-resized\"><a href=\"https:\/\/tahtisirkus.fi\/wp-content\/uploads\/2024\/02\/vauvasirkus3.jpg\"><img loading=\"lazy\" decoding=\"async\" src=\"https:\/\/tahtisirkus.fi\/wp-content\/uploads\/2024\/02\/vauvasirkus3-1024x689.jpg\" alt=\"\" class=\"wp-image-2738\" width=\"512\" height=\"345\" srcset=\"https:\/\/tahtisirkus.fi\/wp-content\/uploads\/2024\/02\/vauvasirkus3-1024x689.jpg 1024w, https:\/\/tahtisirkus.fi\/wp-content\/uploads\/2024\/02\/vauvasirkus3-300x202.jpg 300w, https:\/\/tahtisirkus.fi\/wp-content\/uploads\/2024\/02\/vauvasirkus3-768x516.jpg 768w, https:\/\/tahtisirkus.fi\/wp-content\/uploads\/2024\/02\/vauvasirkus3-1536x1033.jpg 1536w, https:\/\/tahtisirkus.fi\/wp-content\/uploads\/2024\/02\/vauvasirkus3.jpg 2000w\" sizes=\"auto, (max-width: 512px) 100vw, 512px\" \/><\/a><\/figure>\n<h4>Mik\u00e4 vauva- ja taaperosirkus?<\/h4>\n<p>Lapsen ja vanhemman\/aikuisen yhteinen harrastus, jossa temppuilun, tasapainoilun ja pariakrobatian keinoin annetaan hauskasti ja helposti lapselle aistivirikkeit\u00e4 ja vahvistetaan lapsi-vanhempi-suhdetta. Kumpikin p\u00e4\u00e4see turvallisesti ylitt\u00e4m\u00e4\u00e4n rohkeuskynnyksi\u00e4 ja oppimaan uutta. Tunneilla liikutaan musiikin tahtiin, harjoitellaan eri sirkusv\u00e4lineill\u00e4 ja tutkaillaan mihin aikuisen ja lapsen keho pystyy.<\/p>\n<p><b>Taaperosirkus<\/b> (10 kk &#8211; 2,5 v taaperolle ja aikuiselle) klo 10.30 &#8211; 11.15. Taaperoksi luokitellaan lapsi, joka jo seisoo omilla jaloilla ja k\u00e4velee tuettuna tai itsen\u00e4isesti.<\/p>\n<p><b>Vauvasirkus<\/b> (3 kk &#8211; 1 v vauvalle + aikuiselle) klo 12.00 &#8211; 12.45. Vauvasirkukseen voi osallistua, mik\u00e4li vauva jo kannattelee p\u00e4\u00e4t\u00e4\u00e4n vatsallaan ollessaan.<\/p>\n<p>Kev\u00e4\u00e4n vauva- ja taaperosirkusjaksot alkavat torstaina 19.3.2026. Voit ilmoittautua kummalle tahansa jaksolle tai molemmille jaksoille. Jakson hinta on 67\u20ac.<\/p>\n<p>Toteutumiseen vaaditaan v\u00e4hint\u00e4\u00e4n 6 ilmoittautumista, varmistamme toteutumisen s\u00e4hk\u00f6postitse, kun riitt\u00e4v\u00e4 m\u00e4\u00e4r\u00e4 ilmoittautumisia on tullut perille.<\/p>\n<p><b>Jakso 1 (T\u00e4ynn\u00e4):<\/b> Torstaisin 19.3. 26.3. 2.4. 9.4. 16.4. 23.4.<\/p>\n<p><b>Jakso 2 (T\u00e4ynn\u00e4):<\/b> Tiistaisin 28.4. 5.5. 12.5. 19.5. 26.5. 2.6. (Huomaa muuttunut aika!)<\/p>\n<\/div>\n                <\/div>\n            <\/div>\n<\/div>\n","protected":false},"excerpt":{"rendered":"","protected":false},"author":1,"featured_media":0,"parent":0,"menu_order":0,"comment_status":"closed","ping_status":"closed","template":"","meta":{"footnotes":""},"class_list":["post-163","page","type-page","status-publish","hentry"],"_links":{"self":[{"href":"https:\/\/tahtisirkus.fi\/index.php?rest_route=\/wp\/v2\/pages\/163","targetHints":{"allow":["GET"]}}],"collection":[{"href":"https:\/\/tahtisirkus.fi\/index.php?rest_route=\/wp\/v2\/pages"}],"about":[{"href":"https:\/\/tahtisirkus.fi\/index.php?rest_route=\/wp\/v2\/types\/page"}],"author":[{"embeddable":true,"href":"https:\/\/tahtisirkus.fi\/index.php?rest_route=\/wp\/v2\/users\/1"}],"replies":[{"embeddable":true,"href":"https:\/\/tahtisirkus.fi\/index.php?rest_route=%2Fwp%2Fv2%2Fcomments&post=163"}],"version-history":[{"count":898,"href":"https:\/\/tahtisirkus.fi\/index.php?rest_route=\/wp\/v2\/pages\/163\/revisions"}],"predecessor-version":[{"id":3777,"href":"https:\/\/tahtisirkus.fi\/index.php?rest_route=\/wp\/v2\/pages\/163\/revisions\/3777"}],"wp:attachment":[{"href":"https:\/\/tahtisirkus.fi\/index.php?rest_route=%2Fwp%2Fv2%2Fmedia&parent=163"}],"curies":[{"name":"wp","href":"https:\/\/api.w.org\/{rel}","templated":true}]}}