{"id":2365,"date":"2022-05-30T20:59:48","date_gmt":"2022-05-30T17:59:48","guid":{"rendered":"https:\/\/tahtisirkus.fi\/?page_id=2365"},"modified":"2026-03-31T14:03:58","modified_gmt":"2026-03-31T11:03:58","slug":"lukujarjestys-syksy-2022","status":"publish","type":"page","link":"https:\/\/tahtisirkus.fi\/?page_id=2365","title":{"rendered":"LUKUJ\u00c4RJESTYS"},"content":{"rendered":"\n<p>Alla on n\u00e4ht\u00e4vill\u00e4 kev\u00e4\u00e4n lukuj\u00e4rjestys (p\u00e4ivitetty 31.3.2026).<\/p>\n\n\n\n<p>Huhti-toukokuulle 2026 suunnittelemme my\u00f6s lyhytkursseja, joille on varattu alustavasti aika perjantailta klo 16.30 &#8211; 17.30, mutta muitakin (mm. viikonloppukursseja) voidaan j\u00e4rjest\u00e4\u00e4.<\/p>\n\n\n\n<figure class=\"wp-block-image size-full\"><a href=\"https:\/\/tahtisirkus.fi\/wp-content\/uploads\/2026\/03\/Lukujarjestys_31032026.png\"><img loading=\"lazy\" decoding=\"async\" width=\"707\" height=\"1532\" src=\"https:\/\/tahtisirkus.fi\/wp-content\/uploads\/2026\/03\/Lukujarjestys_31032026.png\" alt=\"\" class=\"wp-image-3714\" srcset=\"https:\/\/tahtisirkus.fi\/wp-content\/uploads\/2026\/03\/Lukujarjestys_31032026.png 707w, https:\/\/tahtisirkus.fi\/wp-content\/uploads\/2026\/03\/Lukujarjestys_31032026-138x300.png 138w, https:\/\/tahtisirkus.fi\/wp-content\/uploads\/2026\/03\/Lukujarjestys_31032026-473x1024.png 473w\" sizes=\"auto, (max-width: 707px) 100vw, 707px\" \/><\/a><\/figure>\n","protected":false},"excerpt":{"rendered":"<p>Alla on n\u00e4ht\u00e4vill\u00e4 kev\u00e4\u00e4n lukuj\u00e4rjestys (p\u00e4ivitetty 31.3.2026). Huhti-toukokuulle 2026 suunnittelemme my\u00f6s lyhytkursseja, joille on varattu alustavasti aika perjantailta klo 16.30 &#8211; 17.30, mutta muitakin (mm. viikonloppukursseja) voidaan j\u00e4rjest\u00e4\u00e4.<\/p>\n","protected":false},"author":1,"featured_media":0,"parent":0,"menu_order":0,"comment_status":"closed","ping_status":"closed","template":"","meta":{"footnotes":""},"class_list":["post-2365","page","type-page","status-publish","hentry"],"_links":{"self":[{"href":"https:\/\/tahtisirkus.fi\/index.php?rest_route=\/wp\/v2\/pages\/2365","targetHints":{"allow":["GET"]}}],"collection":[{"href":"https:\/\/tahtisirkus.fi\/index.php?rest_route=\/wp\/v2\/pages"}],"about":[{"href":"https:\/\/tahtisirkus.fi\/index.php?rest_route=\/wp\/v2\/types\/page"}],"author":[{"embeddable":true,"href":"https:\/\/tahtisirkus.fi\/index.php?rest_route=\/wp\/v2\/users\/1"}],"replies":[{"embeddable":true,"href":"https:\/\/tahtisirkus.fi\/index.php?rest_route=%2Fwp%2Fv2%2Fcomments&post=2365"}],"version-history":[{"count":61,"href":"https:\/\/tahtisirkus.fi\/index.php?rest_route=\/wp\/v2\/pages\/2365\/revisions"}],"predecessor-version":[{"id":3715,"href":"https:\/\/tahtisirkus.fi\/index.php?rest_route=\/wp\/v2\/pages\/2365\/revisions\/3715"}],"wp:attachment":[{"href":"https:\/\/tahtisirkus.fi\/index.php?rest_route=%2Fwp%2Fv2%2Fmedia&parent=2365"}],"curies":[{"name":"wp","href":"https:\/\/api.w.org\/{rel}","templated":true}]}}