{"id":2371,"date":"2022-06-04T16:07:51","date_gmt":"2022-06-04T13:07:51","guid":{"rendered":"https:\/\/tahtisirkus.fi\/?page_id=2371"},"modified":"2026-04-27T17:30:19","modified_gmt":"2026-04-27T14:30:19","slug":"ilmoittautuminen-syyslukukausi","status":"publish","type":"page","link":"https:\/\/tahtisirkus.fi\/?page_id=2371","title":{"rendered":"ILMOITTAUTUMINEN"},"content":{"rendered":"\n<p>Voit ilmoittautua alla olevalla kaavakkeella lyhytkursseille ja vapaille paikoille aikuisten ryhmiin!<\/p>\n<p>Kev\u00e4tlukukausi ajoittuu v\u00e4lille 8.1. &#8211; 22.5.2026 Kauden lopussa on kev\u00e4tesitys, joka vastaa yht\u00e4 harrastuskertaa.<\/p>\n<p>Jos ilmoittautuminen ei syyst\u00e4 tai toisesta onnistu, laita meille s\u00e4hk\u00f6postia ouluntahtisirkus(at)gmail.com.<\/p>\n<h3>Ryhm\u00e4kohtaisia lis\u00e4tietoja<\/h3>\n<div class=\"panel-group xa-default\"  id=\"accordion-1\" role=\"tablist\" aria-multiselectable=\"true\">\n<div class=\"panel panel-default\">\n                <div class=\"panel-heading\" role=\"tab\" id=\"headingOne\">\n                    <h4 class=\"panel-title\">\n                        <a data-toggle=\"collapse\" data-parent=\"#accordion-1\" href=\"#acc-2\" aria-expanded=\"true\" aria-controls=\"collapseOne\">\n                            <i class=\"fa fa-\"><\/i> Aikuisten ryhm\u00e4t\n                        <\/a>\n                    <\/h4>\n                <\/div>\n                <div id=\"acc-2\" class=\"panel-collapse collapse \" role=\"tabpanel\" aria-labelledby=\"headingOne\">\n                    <div class=\"panel-body\">\n<p>Aikuisten k\u00e4sinseisonta ja lattia-akrobatia N\u00e4pp\u00e4r\u00e4t-Jouhevat on sekatason ryhm\u00e4, jossa harrastaa useita oppilaita, joilla on jonkin verran liikunnallista taustaa tai pidemp\u00e4\u00e4kin kokemusta lattia-akrobatiasta. Mukaan otetaan edelleenkin akrobatian aloittelijoita, ja opetuksen tasoa mukautetaan jokaiselle oppilaalle sopivaksi l\u00e4ht\u00f6tasosta riippumatta.<\/p>\n<p><strong>Aikuisten ilma-akrobatian ryhmiss\u00e4<\/strong> on kaksi tasoa: jatkoryhm\u00e4 Rimpuilijat ja alkeisjatko Riippujat. Riippujien ryhm\u00e4ss\u00e4 vied\u00e4\u00e4n edellisen kauden oppeja eteenp\u00e4in, mutta my\u00f6s kerrataan perusteita, joten se sopii edelleen my\u00f6s uusille oppilaille. Rimpuilijat-ryhm\u00e4n opetus j\u00e4rjestet\u00e4\u00e4n vaihtuvalla ohjaajalla ty\u00f6pajamuotoisesti.<\/p>\n<\/div>\n                <\/div>\n            <\/div>\n<div class=\"panel panel-default\">\n                <div class=\"panel-heading\" role=\"tab\" id=\"headingOne\">\n                    <h4 class=\"panel-title\">\n                        <a data-toggle=\"collapse\" data-parent=\"#accordion-1\" href=\"#acc-3\" aria-expanded=\"true\" aria-controls=\"collapseOne\">\n                            <i class=\"fa fa-\"><\/i> Vauva- ja taaperosirkus seuraava jakso 28.4. alkaen\n                        <\/a>\n                    <\/h4>\n                <\/div>\n                <div id=\"acc-3\" class=\"panel-collapse collapse \" role=\"tabpanel\" aria-labelledby=\"headingOne\">\n                    <div class=\"panel-body\">\n<figure class=\"wp-block-image size-large is-resized\"><a href=\"https:\/\/tahtisirkus.fi\/wp-content\/uploads\/2024\/02\/vauvasirkus3.jpg\"><img loading=\"lazy\" decoding=\"async\" src=\"https:\/\/tahtisirkus.fi\/wp-content\/uploads\/2024\/02\/vauvasirkus3-1024x689.jpg\" alt=\"\" class=\"wp-image-2738\" width=\"512\" height=\"345\" srcset=\"https:\/\/tahtisirkus.fi\/wp-content\/uploads\/2024\/02\/vauvasirkus3-1024x689.jpg 1024w, https:\/\/tahtisirkus.fi\/wp-content\/uploads\/2024\/02\/vauvasirkus3-300x202.jpg 300w, https:\/\/tahtisirkus.fi\/wp-content\/uploads\/2024\/02\/vauvasirkus3-768x516.jpg 768w, https:\/\/tahtisirkus.fi\/wp-content\/uploads\/2024\/02\/vauvasirkus3-1536x1033.jpg 1536w, https:\/\/tahtisirkus.fi\/wp-content\/uploads\/2024\/02\/vauvasirkus3.jpg 2000w\" sizes=\"auto, (max-width: 512px) 100vw, 512px\" \/><\/a><\/figure>\n<h4>Mik\u00e4 vauva- ja taaperosirkus?<\/h4>\n<p>Lapsen ja vanhemman\/aikuisen yhteinen harrastus, jossa temppuilun, tasapainoilun ja pariakrobatian keinoin annetaan hauskasti ja helposti lapselle aistivirikkeit\u00e4 ja vahvistetaan lapsi-vanhempi-suhdetta. Kumpikin p\u00e4\u00e4see turvallisesti ylitt\u00e4m\u00e4\u00e4n rohkeuskynnyksi\u00e4 ja oppimaan uutta. Tunneilla liikutaan musiikin tahtiin, harjoitellaan eri sirkusv\u00e4lineill\u00e4 ja tutkaillaan mihin aikuisen ja lapsen keho pystyy.<\/p>\n<p><b>Taaperosirkus<\/b> (10 kk &#8211; 2,5 v taaperolle ja aikuiselle) klo 10.30 &#8211; 11.15. Taaperoksi luokitellaan lapsi, joka jo seisoo omilla jaloilla ja k\u00e4velee tuettuna tai itsen\u00e4isesti.<\/p>\n<p><b>Vauvasirkus<\/b> (3 kk &#8211; 1 v vauvalle + aikuiselle) klo 12.00 &#8211; 12.45. Vauvasirkukseen voi osallistua, mik\u00e4li vauva jo kannattelee p\u00e4\u00e4t\u00e4\u00e4n vatsallaan ollessaan.<\/p>\n<p>Kev\u00e4\u00e4n vauva- ja taaperosirkusjaksot alkavat torstaina 19.3.2026. Voit ilmoittautua kummalle tahansa jaksolle tai molemmille jaksoille. Jakson hinta on 67\u20ac.<\/p>\n<p>Toteutumiseen vaaditaan v\u00e4hint\u00e4\u00e4n 6 ilmoittautumista, varmistamme toteutumisen s\u00e4hk\u00f6postitse, kun riitt\u00e4v\u00e4 m\u00e4\u00e4r\u00e4 ilmoittautumisia on tullut perille.<\/p>\n<p><b>Jakso 1 (T\u00e4ynn\u00e4):<\/b> Torstaisin 19.3. 26.3. 2.4. 9.4. 16.4. 23.4.<\/p>\n<p><b>Jakso 2 (Vauvaryhm\u00e4 t\u00e4ynn\u00e4, taaperoryhm\u00e4 l\u00e4hes t\u00e4ynn\u00e4):<\/b> Tiistaisin 28.4. 5.5. 12.5. 19.5. 26.5. 2.6. (Huomaa muuttunut aika!)<\/p>\n<\/div>\n                <\/div>\n            <\/div>\n<\/div>\n<h3>Laskutus<\/h3>\n<p>Laskutamme lukukausimaksun, kun ryhm\u00e4\u00e4n on tullut riitt\u00e4v\u00e4sti ilmoittautumisia. Lasku l\u00e4hetet\u00e4\u00e4n s\u00e4hk\u00f6postilla. Lukukausimaksu on jaettu kahteen er\u00e4\u00e4n, mutta voit maksaa lukukausimaksun halutessassi my\u00f6s kerralla. L\u00e4het\u00e4mme kev\u00e4tlukukauden laskuja ennen kauden alkua. Voit halutessasi sopia maksun aikatauluja s\u00e4hk\u00f6postitse ouluntahtisirkus@gmail.com.<\/p>\n<h3>Peruutukset<\/h3>\n<p>Ilmoittautuminen on sitova. Varaamme ryhm\u00e4paikkoja ilmoittautumisten perusteella, ja siksi on t\u00e4rke\u00e4\u00e4, ett\u00e4 perut paikkasi jos et pysty osallistumaan ryhm\u00e4\u00e4n. Voit perua kev\u00e4t- ja syyslukukauden paikan maksutta viikon sis\u00e4ll\u00e4 lukukauden ensimm\u00e4isest\u00e4 harjoituskerrasta. Jos ilmoittaudut mukaan my\u00f6hemmin, voit perua paikan maksutta viikon sis\u00e4ll\u00e4 ilmoittautumista seuraavasta harrastuskerrasta. Jos perut paikan t\u00e4t\u00e4 my\u00f6hemmin, veloitamme 50% &#8211; 100% lukukausimaksusta.<\/p>\n<p>Lyhytkursseilla ilmoittautuminen on aina sitova ilman perumismahdollisuutta (vauva- ja taaperosirkuskurssit, muut alle 8 kerran lyhytkurssit).<\/p>\n<p>Kurssien toteutuminen varmistuu sitten, kun ryhm\u00e4n minimiosallistujam\u00e4\u00e4r\u00e4 on kasassa. Jos ilmoittautuneita on v\u00e4hemm\u00e4n, kurssi perutaan ja ehdotamme sinulle vaihtoehtoista ryhm\u00e4paikkaa, jonka voit ottaa vastaan halutessasi.<\/p>\n<div class=\"Ilmoittautumiskaavake\">\n    <div class=\"Ilmoittautumiskaavake\">\n      <form action=\n      \"\/ilmoittautumiskoodihommat\/ilmoittautuminen_kevat2026.php\"\n      method=\"post\">\n        <div class=\"YhteystietoTaulukko\">\n          <div class=\"YhteystietoTaulukkoRivi\">\n            <div class=\"YhteystietoTaulukkoSolu\">\n              Oppilaan nimi:\n            <\/div>\n            <div class=\"YhteystietoTaulukkoSolu\">\n              <input name=\"Oppilaannimi\" required=\"\" type=\"text\"\n              value=\"\">\n            <\/div>\n          <\/div>\n          <div class=\"YhteystietoTaulukkoRivi\">\n            \n            <div class=\"YhteystietoTaulukkoSolu\">\n              Syntym\u00e4vuosi:\n            <\/div>\n            <div class=\"YhteystietoTaulukkoSolu\">\n              <input name=\"Syntymavuosi\" required=\"\" type=\"text\"\n              value=\"\">\n            <\/div>\n          <\/div>\n          <div class=\"YhteystietoTaulukkoRivi\">\n            \n            <div class=\"YhteystietoTaulukkoSolu\">\n              Huoltajan nimi:\n            <\/div>\n            <div class=\"YhteystietoTaulukkoSolu\">\n              <input name=\"Huoltajannimi\" type=\"text\" value=\"\">\n            <\/div>\n          <\/div>\n          <div class=\"YhteystietoTaulukkoRivi\">\n            \n            <div class=\"YhteystietoTaulukkoSolu\">\n              S\u00e4hk\u00f6posti:\n            <\/div>\n            <div class=\"YhteystietoTaulukkoSolu\">\n              <input name=\"Sahkoposti\" required=\"\" type=\"text\"\n              value=\"\">\n            <\/div>\n          <\/div>\n          <div class=\"YhteystietoTaulukkoRivi\">\n            \n            <div class=\"YhteystietoTaulukkoSolu\">\n              Puhelinnumero:\n            <\/div>\n            <div class=\"YhteystietoTaulukkoSolu\">\n              <input name=\"Puhelinnumero\" required=\"\" type=\"text\"\n              value=\"\">\n            <\/div>\n          <\/div>\n          <div class=\"YhteystietoTaulukkoRivi\">\n            \n            <div class=\"YhteystietoTaulukkoSolu\">\n              Muuta:\n            <\/div>\n            <div class=\"YhteystietoTaulukkoSolu\">\n              <input name=\"Muuta\" type=\"text\" value=\"\">\n            <\/div>\n          <\/div>\n        <\/div>\n        <div class=\"RyhmatTaulukko\">\n          <div class=\"RyhmatTaulukkoRivi\" id=\"EkaIlmo\">\n            \n            <div class=\"RyhmatTaulukkoSolu\">\n              Ilmoittaudun kurssille:\n            <\/div>\n            <div class=\"RyhmatTaulukkoSolu\">\n               <select name=\"EnsimmainenRyhma\" required=\"\">\n                <option value=\"\">\n                  &#8211;\n                <\/option>               \n<option value=\"Aikuisten sirkus Sukkelat (Ma)\">Aikuisten sirkus Sukkelat (Ma)<\/option>\n<option value=\"Aikuisten ilma-akrobatian alkeisjatko Riippujat (Ti)\">Aikuisten ilma-akrobatian \nalkeisjatko Riippujat (Ti)<\/option>\n<option value=\"Aikuisten ilma-akrobatian jatko Rimpuilijat (Ma)\">Aikuisten ilma-akrobatian \njatko Rimpuilijat (Ma)<\/option>\n<option value=\"Aikuisten kasinseisonta ja lattia-akrobatia Napparat-Jouhevat(Ke)\">Aikuisten k\u00e4sinseisonta ja lattia-akrobatia N\u00e4pparat-Jouhevat (Ke)<\/option>\n<option value=\"Taaperosirkus 28.4. - 2.6.\">Taaperosirkus 28.4. &#8211; 2.6.<\/option>\n<option value=\"Kes\u00e4kurssi, lasten sirkusleiri 1.6. - 5.6.\">Kes\u00e4kurssi, lasten sirkusleiri 1.6. &#8211; 5.6.<\/option>\n<option value=\"Kes\u00e4kurssi, lasten sirkusleiri 15.6. - 18.6.\">Kes\u00e4kurssi, lasten sirkusleiri 15.6. &#8211; 18.6.<\/option>\n<option value=\"Kes\u00e4kurssi, perhesirkus\">Kes\u00e4kurssi, perhesirkus<\/option>\n<option value=\"Kes\u00e4kurssi, akrobatia\">Kes\u00e4kurssi, akrobatia<\/option>\n<option value=\"Kes\u00e4kurssi, jongleeraus\">Kes\u00e4kurssi, jongleeraus<\/option>\n<option value=\"Kes\u00e4kurssi, tasapainoilu\">Kes\u00e4kurssi, tasapainoilu<\/option>\n                <option value=\"Muu ryhmatoive\">\n                  Muu ryhm\u00e4toive\n                <\/option>\n              <\/select> \n            <\/div>\n            <div onclick=\n            \"document.getElementById('TokaIlmo').style.display = 'block'\"\n            class=\"lisarivinappi\">\n              + ryhm\u00e4\n            <\/div>\n          <\/div>\n          <div class=\"RyhmatTaulukkoRivi\" id=\"TokaIlmo\">\n            \n            <div class=\"RyhmatTaulukkoSolu\">\n              Ilmoittaudun lis\u00e4ksi:\n            <\/div>\n            <div class=\"RyhmatTaulukkoSolu\">\n               <select name=\"ToinenRyhma\">\n                <option value=\"\">\n                  &#8211;\n                <\/option>               \n<option value=\"Aikuisten sirkus Sukkelat (Ma)\">Aikuisten sirkus Sukkelat (Ma)<\/option>\n<option value=\"Aikuisten ilma-akrobatian alkeisjatko Riippujat (Ti)\">Aikuisten ilma-akrobatian \nalkeisjatko Riippujat (Ti)<\/option>\n<option value=\"Aikuisten ilma-akrobatian jatko Rimpuilijat (Ma)\">Aikuisten ilma-akrobatian \njatko Rimpuilijat (Ma)<\/option>\n<option value=\"Aikuisten kasinseisonta ja lattia-akrobatia Napparat-Jouhevat(Ke)\">Aikuisten k\u00e4sinseisonta ja lattia-akrobatia N\u00e4pparat-Jouhevat (Ke)<\/option>\n<option value=\"Taaperosirkus 28.4. - 2.6.\">Taaperosirkus 28.4. &#8211; 2.6.<\/option>\n<option value=\"Kes\u00e4kurssi, lasten sirkusleiri 1.6. - 5.6.\">Kes\u00e4kurssi, lasten sirkusleiri 1.6. &#8211; 5.6.<\/option>\n<option value=\"Kes\u00e4kurssi, lasten sirkusleiri 15.6. - 18.6.\">Kes\u00e4kurssi, lasten sirkusleiri 15.6. &#8211; 18.6.<\/option>\n<option value=\"Kes\u00e4kurssi, perhesirkus\">Kes\u00e4kurssi, perhesirkus<\/option>\n<option value=\"Kes\u00e4kurssi, akrobatia\">Kes\u00e4kurssi, akrobatia<\/option>\n<option value=\"Kes\u00e4kurssi, jongleeraus\">Kes\u00e4kurssi, jongleeraus<\/option>\n<option value=\"Kes\u00e4kurssi, tasapainoilu\">Kes\u00e4kurssi, tasapainoilu<\/option>\n<option value=\"Muu ryhmatoive\">\n                  Muu ryhm\u00e4toive\n                <\/option>\n              <\/select> \n            <\/div>\n            <div onclick=\n            \"document.getElementById('KolmasIlmo').style.display = 'block'\"\n            class=\"lisarivinappi\">\n              + ryhm\u00e4\n            <\/div>\n          <\/div>\n          <div class=\"RyhmatTaulukkoRivi\" id=\"KolmasIlmo\">\n            <div class=\"RyhmatTaulukkoSolu\">\n              Ilmoittaudun lis\u00e4ksi:\n            <\/div>\n            <div class=\"RyhmatTaulukkoSolu\">\n               <select name=\"KolmasRyhma\">\n                <option value=\"\">\n                  &#8211;\n                <\/option>               \n<option value=\"Aikuisten sirkus Sukkelat (Ma)\">Aikuisten sirkus Sukkelat (Ma)<\/option>\n<option value=\"Aikuisten ilma-akrobatian alkeisjatko Riippujat (Ti)\">Aikuisten ilma-akrobatian \nalkeisjatko Riippujat (Ti)<\/option>\n<option value=\"Aikuisten ilma-akrobatian jatko Rimpuilijat (Ma)\">Aikuisten ilma-akrobatian \njatko Rimpuilijat (Ma)<\/option>\n<option value=\"Aikuisten kasinseisonta ja lattia-akrobatia Napparat-Jouhevat(Ke)\">Aikuisten k\u00e4sinseisonta ja lattia-akrobatia N\u00e4pparat-Jouhevat (Ke)<\/option>\n<option value=\"Taaperosirkus 28.4. - 2.6.\">Taaperosirkus 28.4. &#8211; 2.6.<\/option>\n<option value=\"Kes\u00e4kurssi, lasten sirkusleiri 1.6. - 5.6.\">Kes\u00e4kurssi, lasten sirkusleiri 1.6. &#8211; 5.6.<\/option>\n<option value=\"Kes\u00e4kurssi, lasten sirkusleiri 15.6. - 18.6.\">Kes\u00e4kurssi, lasten sirkusleiri 15.6. &#8211; 18.6.<\/option>\n<option value=\"Kes\u00e4kurssi, perhesirkus\">Kes\u00e4kurssi, perhesirkus<\/option>\n<option value=\"Kes\u00e4kurssi, akrobatia\">Kes\u00e4kurssi, akrobatia<\/option>\n<option value=\"Kes\u00e4kurssi, jongleeraus\">Kes\u00e4kurssi, jongleeraus<\/option>\n<option value=\"Kes\u00e4kurssi, tasapainoilu\">Kes\u00e4kurssi, tasapainoilu<\/option>\n<option value=\"Muu ryhmatoive\">\n                  Muu ryhm\u00e4toive\n                <\/option>\n              <\/select> \n            <\/div>\n            <div onclick=\n            \"document.getElementById('NeljasIlmo').style.display = 'block'\"\n            class=\"lisarivinappi\">\n              + ryhm\u00e4\n            <\/div>\n          <\/div>\n          <div class=\"RyhmatTaulukkoRivi\" id=\"NeljasIlmo\">\n            \n            <div class=\"RyhmatTaulukkoSolu\">\n              Ilmoittaudun lis\u00e4ksi:\n            <\/div>\n            <div class=\"RyhmatTaulukkoSolu\">\n               <select name=\"NeljasRyhma\">\n                <option value=\"\">\n                  &#8211;\n                <\/option>               \n<option value=\"Aikuisten sirkus Sukkelat (Ma)\">Aikuisten sirkus Sukkelat (Ma)<\/option>\n<option value=\"Aikuisten ilma-akrobatian alkeisjatko Riippujat (Ti)\">Aikuisten ilma-akrobatian \nalkeisjatko Riippujat (Ti)<\/option>\n<option value=\"Aikuisten ilma-akrobatian jatko Rimpuilijat (Ma)\">Aikuisten ilma-akrobatian \njatko Rimpuilijat (Ma)<\/option>\n<option value=\"Aikuisten kasinseisonta ja lattia-akrobatia Napparat-Jouhevat(Ke)\">Aikuisten k\u00e4sinseisonta ja lattia-akrobatia N\u00e4pparat-Jouhevat (Ke)<\/option>\n<option value=\"Taaperosirkus 28.4. - 2.6.\">Taaperosirkus 28.4. &#8211; 2.6.<\/option>\n<option value=\"Kes\u00e4kurssi, lasten sirkusleiri 1.6. - 5.6.\">Kes\u00e4kurssi, lasten sirkusleiri 1.6. &#8211; 5.6.<\/option>\n<option value=\"Kes\u00e4kurssi, lasten sirkusleiri 15.6. - 18.6.\">Kes\u00e4kurssi, lasten sirkusleiri 15.6. &#8211; 18.6.<\/option>\n<option value=\"Kes\u00e4kurssi, perhesirkus\">Kes\u00e4kurssi, perhesirkus<\/option>\n<option value=\"Kes\u00e4kurssi, akrobatia\">Kes\u00e4kurssi, akrobatia<\/option>\n<option value=\"Kes\u00e4kurssi, jongleeraus\">Kes\u00e4kurssi, jongleeraus<\/option>\n<option value=\"Kes\u00e4kurssi, tasapainoilu\">Kes\u00e4kurssi, tasapainoilu<\/option>\n<option value=\"Muu ryhmatoive\">\n                  Muu ryhm\u00e4toive\n                <\/option>\n              <\/select> \n            <\/div>\n          <\/div>\n<\/div>\n    <\/div>\n    <div class=\"HarmaaIlmoittautumisOtsikko\">\n      \n      <div class=\"LuvatTaulukko\">\n        \n        <div class=\"LuvatTaulukkoRivi\">\n          \n          <div class=\"LuvatTaulukkoSolu\">\n            Ilmoittautuneesta saa ottaa kuvia (esitykset,\n            harjoitukset), ja kuvia voidaan k\u00e4ytt\u00e4\u00e4 esim. sirkuksen\n            julisteissa. \n          <\/div>\n          <div class=\"LuvatTaulukkoSolu\">\n             <select name=\"Kuvauslupa\" required=\"\">\n              <option value=\"\">\n                &#8211;\n              <\/option>\n              <option value=\"Kylla\">\n                Kyll\u00e4\n              <\/option>\n              <option value=\"Ei\">\n                Ei\n              <\/option>\n            <\/select> \n          <\/div>\n        <\/div>\n        <div class=\"LuvatTaulukkoRivi\">\n          \n          <div class=\"LuvatTaulukkoSolu\">\n            Liityn sirkuksen j\u00e4seneksi tai olen jo j\u00e4sen\n            (j\u00e4senmaksu on 5\u20ac). Hyv\u00e4ksyn, ett\u00e4 ilmoittautumisessa\n            annetut tiedot ker\u00e4t\u00e4\u00e4n j\u00e4senrekisteriin, ja olen\n            tutustunut <a href=\n            \"http:\/\/tahtisirkus.fi\/?page_id=1005\">tietosuojaselosteeseen<\/a>\n            \n          <\/div>\n          <div class=\"LuvatTaulukkoSolu\">\n            <input name=\"GDPRLaatikko\" required=\"\" type=\"checkbox\"\n            value=\"Yes\"> \n          <\/div>\n        <\/div>\n      <\/div>\n    <\/div>\n    <p><strong>Mik\u00e4 marja? Suomen metsien yleinen sininen marja. Alkaa m-kirjaimella, 8 kirjainta.<\/strong><br>\n    <input name=\"IhminenOn\" required=\"\" type=\"text\" value=\n    \"\"><\/p>\n    <p><input id=\"s1\" name=\"s1\" type=\"submit\" value=\n    \"Ilmoittaudu\"><\/p>\n          <\/form>\n\n\n\n<div class=\"wp-block-columns is-layout-flex wp-container-core-columns-is-layout-9d6595d7 wp-block-columns-is-layout-flex\">\n<div class=\"wp-block-column is-layout-flow wp-block-column-is-layout-flow\" style=\"flex-basis:100%\"><\/div>\n<\/div>\n\n\n\n<div class=\"wp-block-group\"><div class=\"wp-block-group__inner-container is-layout-constrained wp-block-group-is-layout-constrained\">\n<p><\/p>\n<\/div><\/div>\n","protected":false},"excerpt":{"rendered":"<p>Voit ilmoittautua alla olevalla kaavakkeella lyhytkursseille ja vapaille paikoille aikuisten ryhmiin! Kev\u00e4tlukukausi ajoittuu v\u00e4lille 8.1. &#8211; 22.5.2026 Kauden lopussa on kev\u00e4tesitys, joka vastaa yht\u00e4 harrastuskertaa. Jos ilmoittautuminen ei syyst\u00e4 tai toisesta onnistu, laita meille s\u00e4hk\u00f6postia ouluntahtisirkus(at)gmail.com. Ryhm\u00e4kohtaisia lis\u00e4tietoja Laskutus Laskutamme lukukausimaksun, kun ryhm\u00e4\u00e4n on tullut riitt\u00e4v\u00e4sti ilmoittautumisia. Lasku l\u00e4hetet\u00e4\u00e4n s\u00e4hk\u00f6postilla. Lukukausimaksu on jaettu kahteen er\u00e4\u00e4n, [&hellip;]<\/p>\n","protected":false},"author":1,"featured_media":0,"parent":0,"menu_order":0,"comment_status":"closed","ping_status":"closed","template":"","meta":{"footnotes":""},"class_list":["post-2371","page","type-page","status-publish","hentry"],"_links":{"self":[{"href":"https:\/\/tahtisirkus.fi\/index.php?rest_route=\/wp\/v2\/pages\/2371","targetHints":{"allow":["GET"]}}],"collection":[{"href":"https:\/\/tahtisirkus.fi\/index.php?rest_route=\/wp\/v2\/pages"}],"about":[{"href":"https:\/\/tahtisirkus.fi\/index.php?rest_route=\/wp\/v2\/types\/page"}],"author":[{"embeddable":true,"href":"https:\/\/tahtisirkus.fi\/index.php?rest_route=\/wp\/v2\/users\/1"}],"replies":[{"embeddable":true,"href":"https:\/\/tahtisirkus.fi\/index.php?rest_route=%2Fwp%2Fv2%2Fcomments&post=2371"}],"version-history":[{"count":196,"href":"https:\/\/tahtisirkus.fi\/index.php?rest_route=\/wp\/v2\/pages\/2371\/revisions"}],"predecessor-version":[{"id":3753,"href":"https:\/\/tahtisirkus.fi\/index.php?rest_route=\/wp\/v2\/pages\/2371\/revisions\/3753"}],"wp:attachment":[{"href":"https:\/\/tahtisirkus.fi\/index.php?rest_route=%2Fwp%2Fv2%2Fmedia&parent=2371"}],"curies":[{"name":"wp","href":"https:\/\/api.w.org\/{rel}","templated":true}]}}