{"id":2631,"date":"2023-09-10T23:37:22","date_gmt":"2023-09-10T20:37:22","guid":{"rendered":"https:\/\/tahtisirkus.fi\/?page_id=2631"},"modified":"2025-10-07T11:17:03","modified_gmt":"2025-10-07T08:17:03","slug":"jasenyys-ja-jasentreeni","status":"publish","type":"page","link":"https:\/\/tahtisirkus.fi\/?page_id=2631","title":{"rendered":"J\u00c4SENYYS JA J\u00c4SENTREENI"},"content":{"rendered":"\n<p>Oulun T\u00e4htisirkusyhdistys on yleishy\u00f6dyllinen yhdistys, jonka teht\u00e4v\u00e4n\u00e4 on edist\u00e4\u00e4 sirkustaidetta Oulussa ja sen l\u00e4hialueilla. T\u00e4htisirkusyhdistys yll\u00e4pit\u00e4\u00e4 sirkuskoulua, j\u00e4rjest\u00e4\u00e4 sirkusesityksi\u00e4 ja erilaisia sirkustapahtumia. J\u00e4senyys on avoin, eli j\u00e4seneksi ovat tervetulleita kaikki, jotka haluavat olla mukana edist\u00e4m\u00e4ss\u00e4 sirkustoimintaa!<\/p>\n\n\n\n<h2 class=\"wp-block-heading\"><strong>Liity j\u00e4seneksi<\/strong><\/h2>\n\n\n\n<p>Yhdistyksen vuosikokous on p\u00e4\u00e4tt\u00e4nyt j\u00e4senmaksun suuruudeksi 5\u20ac kaudella 1.8.2025 &#8211; 31.7.2026. J\u00e4seneksi voit liitty\u00e4 maksamalla j\u00e4senmaksun ja l\u00e4hett\u00e4m\u00e4ll\u00e4 uuden j\u00e4senen nimen ja yhteystiedot osoitteeseen ouluntahtisirkus@gmail.com. Tiedot tallennetaan Oulun T\u00e4htisirkuksen j\u00e4senrekisteriin. Liittym\u00e4ll\u00e4 j\u00e4seneksi vakuutat, ett\u00e4 olet tutustunut <a href=\"https:\/\/tahtisirkus.fi\/?page_id=1005\" data-type=\"URL\" data-id=\"https:\/\/tahtisirkus.fi\/?page_id=1005\" target=\"_blank\" rel=\"noreferrer noopener\">tietosuojaselosteeseen<\/a>.<\/p>\n\n\n\n<p>J\u00e4senmaksun maksaminen<\/p>\n\n\n\n<p>Saaja: Oulun T\u00e4htisirkus<\/p>\n\n\n\n<p>Pankki: Nordea<\/p>\n\n\n\n<p>IBAN: FI04 1107 3000 6693 11<\/p>\n\n\n\n<p>BIC: NDEAFIHH<\/p>\n\n\n\n<p>Viesti: J\u00e4senmaksu + LIITTYVIEN J\u00c4SENTEN NIMET<\/p>\n\n\n\n<p>L\u00e4het\u00e4 maksun maksamisen j\u00e4lkeen nimesi ja s\u00e4hk\u00f6postiosoitteesi ouluntahtisirkus@gmail.com<\/p>\n\n\n\n<h2 class=\"wp-block-heading\">J\u00e4sentreeni<\/h2>\n\n\n\n<p>Oulun T\u00e4htisirkusyhdistyksen j\u00e4senet ja vierailevat sirkusammattilaiset voivat k\u00e4yd\u00e4 harjoittelemassa sirkuksen tiloissa hintaan<\/p>\n\n\n\n<p>5\u20ac\/krt, 35\u20ac\/kk (30pv maksusta alkaen) tai 70\u20ac\/kausi (eli kev\u00e4t tai syksy) silloin, kun tiloissa ei ole muita varauksia. Perhevaparille voi osallistua my\u00f6s 10\u20ac perhehinnalla, kun maksaja on yhdistyksen j\u00e4sen.<\/p>\n\n\n\n<p>Tilassa voi t\u00e4ll\u00e4 tavalla olla yht\u00e4aikaisesti useita henkil\u00f6it\u00e4 (ei siis ole kyse koko tilan varaamisesta). Turvallisuuden vuoksi jokaiselle vuorolla harjoittelevalle annetaan riitt\u00e4v\u00e4 tila ja keskittymisrauha. Lis\u00e4ksi on suositeltavaa harjoitella v\u00e4hint\u00e4\u00e4n yhden harjoittelukaverin kanssa. Omatoimisen j\u00e4sentreenin ik\u00e4raja on 14 vuotta (7-13v aikuisen seurassa). Perhevuorolla lauantaisin ei ole ik\u00e4rajaa, mutta paikalla oleva huoltaja on vastuussa lasten harjoittelun turvallisuudesta.<\/p>\n\n\n\n<p>Jokainen j\u00e4sentreeni \/ treenikausi maksetaan ensisijaisesti tilisiirrolla (korttimaksu toimistolla ainoastaan toimistoty\u00f6ntekij\u00e4n ollessa paikalla).<\/p>\n\n\n\n<p>Saaja: Oulun T\u00e4htisirkus<\/p>\n\n\n\n<p>Pankki: Nordea<\/p>\n\n\n\n<p>IBAN: FI04 1107 3000 6693 11<\/p>\n\n\n\n<p>BIC: NDEAFIHH<\/p>\n\n\n\n<p>Viesti: J\u00e4sentreeni kerta \/ viikko \/ kausi + treenaajan nimi<\/p>\n\n\n\n<p>Jos tarvitsen omatoimiseen harjoitteluun avainkoodin, ole yhteydess\u00e4 s\u00e4hk\u00f6postitse ouluntahtisirkus@gmail.com<\/p>\n","protected":false},"excerpt":{"rendered":"<p>Oulun T\u00e4htisirkusyhdistys on yleishy\u00f6dyllinen yhdistys, jonka teht\u00e4v\u00e4n\u00e4 on edist\u00e4\u00e4 sirkustaidetta Oulussa ja sen l\u00e4hialueilla. T\u00e4htisirkusyhdistys yll\u00e4pit\u00e4\u00e4 sirkuskoulua, j\u00e4rjest\u00e4\u00e4 sirkusesityksi\u00e4 ja erilaisia sirkustapahtumia. J\u00e4senyys on avoin, eli j\u00e4seneksi ovat tervetulleita kaikki, jotka haluavat olla mukana edist\u00e4m\u00e4ss\u00e4 sirkustoimintaa! Liity j\u00e4seneksi Yhdistyksen vuosikokous on p\u00e4\u00e4tt\u00e4nyt j\u00e4senmaksun suuruudeksi 5\u20ac kaudella 1.8.2025 &#8211; 31.7.2026. J\u00e4seneksi voit liitty\u00e4 maksamalla j\u00e4senmaksun ja [&hellip;]<\/p>\n","protected":false},"author":1,"featured_media":0,"parent":0,"menu_order":0,"comment_status":"closed","ping_status":"closed","template":"","meta":{"footnotes":""},"class_list":["post-2631","page","type-page","status-publish","hentry"],"_links":{"self":[{"href":"https:\/\/tahtisirkus.fi\/index.php?rest_route=\/wp\/v2\/pages\/2631","targetHints":{"allow":["GET"]}}],"collection":[{"href":"https:\/\/tahtisirkus.fi\/index.php?rest_route=\/wp\/v2\/pages"}],"about":[{"href":"https:\/\/tahtisirkus.fi\/index.php?rest_route=\/wp\/v2\/types\/page"}],"author":[{"embeddable":true,"href":"https:\/\/tahtisirkus.fi\/index.php?rest_route=\/wp\/v2\/users\/1"}],"replies":[{"embeddable":true,"href":"https:\/\/tahtisirkus.fi\/index.php?rest_route=%2Fwp%2Fv2%2Fcomments&post=2631"}],"version-history":[{"count":15,"href":"https:\/\/tahtisirkus.fi\/index.php?rest_route=\/wp\/v2\/pages\/2631\/revisions"}],"predecessor-version":[{"id":3514,"href":"https:\/\/tahtisirkus.fi\/index.php?rest_route=\/wp\/v2\/pages\/2631\/revisions\/3514"}],"wp:attachment":[{"href":"https:\/\/tahtisirkus.fi\/index.php?rest_route=%2Fwp%2Fv2%2Fmedia&parent=2631"}],"curies":[{"name":"wp","href":"https:\/\/api.w.org\/{rel}","templated":true}]}}