{"id":2989,"date":"2024-11-12T01:09:45","date_gmt":"2024-11-11T23:09:45","guid":{"rendered":"https:\/\/tahtisirkus.fi\/?page_id=2989"},"modified":"2024-11-12T01:09:45","modified_gmt":"2024-11-11T23:09:45","slug":"hahmoja-tapahtumaan","status":"publish","type":"page","link":"https:\/\/tahtisirkus.fi\/?page_id=2989","title":{"rendered":"HAHMOJA TAPAHTUMAAN"},"content":{"rendered":"\n<img loading=\"lazy\" decoding=\"async\" width=\"507\" height=\"1024\" src=\"http:\/\/tahtisirkus.fi\/wp-content\/uploads\/2024\/11\/railijaruiliympyra-507x1024.jpg\" alt=\"\" class=\"alignright wp-image-2990\" srcset=\"https:\/\/tahtisirkus.fi\/wp-content\/uploads\/2024\/11\/railijaruiliympyra-507x1024.jpg 507w, https:\/\/tahtisirkus.fi\/wp-content\/uploads\/2024\/11\/railijaruiliympyra-148x300.jpg 148w, https:\/\/tahtisirkus.fi\/wp-content\/uploads\/2024\/11\/railijaruiliympyra-768x1552.jpg 768w, https:\/\/tahtisirkus.fi\/wp-content\/uploads\/2024\/11\/railijaruiliympyra-760x1536.jpg 760w, https:\/\/tahtisirkus.fi\/wp-content\/uploads\/2024\/11\/railijaruiliympyra-1014x2048.jpg 1014w, https:\/\/tahtisirkus.fi\/wp-content\/uploads\/2024\/11\/railijaruiliympyra-scaled.jpg 1267w\" sizes=\"auto, (max-width: 507px) 100vw, 507px\" \/>\n<p>Kun haluat tapahtumaan yll\u00e4tt\u00e4vyytt\u00e4 ja el\u00e4vyytt\u00e4, tilaa meilt\u00e4 sirkushahmoja kiertelem\u00e4\u00e4n tapahtumaan! Hahmot voivat olla joko erilaisia temppuilevia sirkustaiteilijoita tai tapahtuman teeman mukaisia olentoja, el\u00e4imi\u00e4 tai ihmishahmoja.<\/p>\n<p>Esiinnymme erilaisilla hahmoilla tapahtumissa sek\u00e4 ammattilaisten, ett\u00e4 harrastajien voimin. Hahmoesiintymisten hinta vaihtelee 300\u20ac &#8211; 2500\u20ac v\u00e4lill\u00e4, ja hahmojen esill\u00e4olon kokonaisaika voi olla noin 1 &#8211; 3 tuntia p\u00e4iv\u00e4ss\u00e4 (riippuen hahmosta). Kysy meilt\u00e4 lis\u00e4\u00e4 s\u00e4hk\u00f6postilla ouluntahtisirkus@gmail.com!<\/p>\n","protected":false},"excerpt":{"rendered":"<p>Kun haluat tapahtumaan yll\u00e4tt\u00e4vyytt\u00e4 ja el\u00e4vyytt\u00e4, tilaa meilt\u00e4 sirkushahmoja kiertelem\u00e4\u00e4n tapahtumaan! Hahmot voivat olla joko erilaisia temppuilevia sirkustaiteilijoita tai tapahtuman teeman mukaisia olentoja, el\u00e4imi\u00e4 tai ihmishahmoja. Esiinnymme erilaisilla hahmoilla tapahtumissa sek\u00e4 ammattilaisten, ett\u00e4 harrastajien voimin. Hahmoesiintymisten hinta vaihtelee 300\u20ac &#8211; 2500\u20ac v\u00e4lill\u00e4, ja hahmojen esill\u00e4olon kokonaisaika voi olla noin 1 &#8211; 3 tuntia p\u00e4iv\u00e4ss\u00e4 (riippuen [&hellip;]<\/p>\n","protected":false},"author":1,"featured_media":0,"parent":0,"menu_order":0,"comment_status":"closed","ping_status":"closed","template":"","meta":{"footnotes":""},"class_list":["post-2989","page","type-page","status-publish","hentry"],"_links":{"self":[{"href":"https:\/\/tahtisirkus.fi\/index.php?rest_route=\/wp\/v2\/pages\/2989","targetHints":{"allow":["GET"]}}],"collection":[{"href":"https:\/\/tahtisirkus.fi\/index.php?rest_route=\/wp\/v2\/pages"}],"about":[{"href":"https:\/\/tahtisirkus.fi\/index.php?rest_route=\/wp\/v2\/types\/page"}],"author":[{"embeddable":true,"href":"https:\/\/tahtisirkus.fi\/index.php?rest_route=\/wp\/v2\/users\/1"}],"replies":[{"embeddable":true,"href":"https:\/\/tahtisirkus.fi\/index.php?rest_route=%2Fwp%2Fv2%2Fcomments&post=2989"}],"version-history":[{"count":1,"href":"https:\/\/tahtisirkus.fi\/index.php?rest_route=\/wp\/v2\/pages\/2989\/revisions"}],"predecessor-version":[{"id":2991,"href":"https:\/\/tahtisirkus.fi\/index.php?rest_route=\/wp\/v2\/pages\/2989\/revisions\/2991"}],"wp:attachment":[{"href":"https:\/\/tahtisirkus.fi\/index.php?rest_route=%2Fwp%2Fv2%2Fmedia&parent=2989"}],"curies":[{"name":"wp","href":"https:\/\/api.w.org\/{rel}","templated":true}]}}