{"id":382,"date":"2016-03-06T23:26:00","date_gmt":"2016-03-06T21:26:00","guid":{"rendered":"http:\/\/tahtisirkus.fi\/?page_id=382"},"modified":"2026-03-13T14:53:35","modified_gmt":"2026-03-13T12:53:35","slug":"opettajat","status":"publish","type":"page","link":"https:\/\/tahtisirkus.fi\/?page_id=382","title":{"rendered":"OPETTAJAT"},"content":{"rendered":"\n<div class=\"panel-group xa-default\"  id=\"accordion-1\" role=\"tablist\" aria-multiselectable=\"true\">\n<div class=\"panel panel-default\">\n                <div class=\"panel-heading\" role=\"tab\" id=\"headingOne\">\n                    <h4 class=\"panel-title\">\n                        <a data-toggle=\"collapse\" data-parent=\"#accordion-1\" href=\"#acc-2\" aria-expanded=\"true\" aria-controls=\"collapseOne\">\n                            <i class=\"fa fa-Select Icon---\"><\/i> Nina Ervasti\n                        <\/a>\n                    <\/h4>\n                <\/div>\n                <div id=\"acc-2\" class=\"panel-collapse collapse \" role=\"tabpanel\" aria-labelledby=\"headingOne\">\n                    <div class=\"panel-body\">\n<img loading=\"lazy\" decoding=\"async\" class=\"alignleft wp-image-3483 size-medium\" src=\"http:\/\/tahtisirkus.fi\/wp-content\/uploads\/2025\/09\/WhatsApp-Image-2025-08-11-at-13.12.54-225x300.jpeg\" alt=\"\" width=\"225\" height=\"300\" srcset=\"https:\/\/tahtisirkus.fi\/wp-content\/uploads\/2025\/09\/WhatsApp-Image-2025-08-11-at-13.12.54-225x300.jpeg 225w, https:\/\/tahtisirkus.fi\/wp-content\/uploads\/2025\/09\/WhatsApp-Image-2025-08-11-at-13.12.54-768x1024.jpeg 768w, https:\/\/tahtisirkus.fi\/wp-content\/uploads\/2025\/09\/WhatsApp-Image-2025-08-11-at-13.12.54-1152x1536.jpeg 1152w, https:\/\/tahtisirkus.fi\/wp-content\/uploads\/2025\/09\/WhatsApp-Image-2025-08-11-at-13.12.54.jpeg 1536w\" sizes=\"auto, (max-width: 225px) 100vw, 225px\" \/>\n<p>Hei!<\/p>\n<p>Olen Nina, 2015 Turun Taideakatemiasta valmistunut sirkusohjaaja. Olen opettanut, esiintynyt ja ohjannut sirkusta n.15 vuoden ajan. Minulla on laaja perussirkusteknillinen osaaminen ja omat erikoisosaamiseni on ilma-akrobatian, cyr ja klovneriassa.<\/p>\n<p>Olen kannustava, iloinen ja tavoitteellinen sirkusohjaaja, jolle sirkustaide on t\u00e4rke\u00e4 osa opetusty\u00f6t\u00e4. Olen my\u00f6s jooga ohjaaja, mik\u00e4 saattaa n\u00e4ky\u00e4 tunneilla.<\/p>\n<p>Haluan auttaa ihmisi\u00e4 l\u00f6yt\u00e4m\u00e4\u00e4n ja vahvistamaan oman kehon potentiaalia. Se on upeaa kun ihminen l\u00f6yt\u00e4\u00e4 mit\u00e4 kaikkea oma keho voikaan tehd\u00e4.<\/p>\n<p>N\u00e4hd\u00e4\u00e4n tunnilla!<\/p>\n<\/div>\n                <\/div>\n            <\/div>\n<div class=\"panel panel-default\">\n                <div class=\"panel-heading\" role=\"tab\" id=\"headingOne\">\n                    <h4 class=\"panel-title\">\n                        <a data-toggle=\"collapse\" data-parent=\"#accordion-1\" href=\"#acc-3\" aria-expanded=\"true\" aria-controls=\"collapseOne\">\n                            <i class=\"fa fa-Select Icon---\"><\/i> Kata &amp; Jared van Earle\n                        <\/a>\n                    <\/h4>\n                <\/div>\n                <div id=\"acc-3\" class=\"panel-collapse collapse \" role=\"tabpanel\" aria-labelledby=\"headingOne\">\n                    <div class=\"panel-body\">\n<img loading=\"lazy\" decoding=\"async\" class=\"alignleft wp-image-1478 size-medium\" src=\"http:\/\/tahtisirkus.fi\/wp-content\/uploads\/2019\/07\/biophotoKatJared-200x300.jpg\" alt=\"\" width=\"200\" height=\"300\" srcset=\"https:\/\/tahtisirkus.fi\/wp-content\/uploads\/2019\/07\/biophotoKatJared-200x300.jpg 200w, https:\/\/tahtisirkus.fi\/wp-content\/uploads\/2019\/07\/biophotoKatJared-768x1151.jpg 768w, https:\/\/tahtisirkus.fi\/wp-content\/uploads\/2019\/07\/biophotoKatJared-684x1024.jpg 684w, https:\/\/tahtisirkus.fi\/wp-content\/uploads\/2019\/07\/biophotoKatJared.jpg 1367w\" sizes=\"auto, (max-width: 200px) 100vw, 200px\" \/>\n<p>Kat (FIN) &amp; Jared (AUS) ovat esiintyvi\u00e4 sirkustaiteilijoita, jotka ovat erikoistuneet pariakrobatiaan, k\u00e4sinseisontaan ja vertikaalik\u00f6yteen. He valmistuivat Madridista sirkuskoulu Carampasta kev\u00e4\u00e4ll\u00e4 2019 ja ovat Oulussa kehitt\u00e4m\u00e4ss\u00e4 taiken apurahalla nykysirkusteosta, opettaen samalla pari- ja ilma-akrobatiaa Oulun T\u00e4htisirkuksella. Heid\u00e4n erikoisalaansa ovat kaikenlaiset dynaamiset heitot. Ennen sirkuskoulua Kata opetti Oulun T\u00e4htisirkuksella akrojoogaa k\u00e4yty\u00e4\u00e4n AcroYoga Montreal ja Hanuman AcrobaticYoga -ohjaajakoulutukset. Aiemmin Kata on valmistunut Oulussa luokan- ja musiikinopettajaksi 2015, ja t\u00e4m\u00e4 duo ottaakin pedagogian ja yksil\u00f6llisen opetuksen eritt\u00e4in tosissaan, yhdist\u00e4en elementtej\u00e4 lattia-akrobatiasta, tanssista, teatterista, akrojoogasta, pariakrobatiasta ja luovasta liikkeest\u00e4.<\/p>\n<p>\u201cWe like to breathe deep and fly high!\u201d<\/p>\n<\/div>\n                <\/div>\n            <\/div>\n<div class=\"panel panel-default\">\n                <div class=\"panel-heading\" role=\"tab\" id=\"headingOne\">\n                    <h4 class=\"panel-title\">\n                        <a data-toggle=\"collapse\" data-parent=\"#accordion-1\" href=\"#acc-4\" aria-expanded=\"true\" aria-controls=\"collapseOne\">\n                            <i class=\"fa fa-Select Icon---\"><\/i> Uoti Huotari\n                        <\/a>\n                    <\/h4>\n                <\/div>\n                <div id=\"acc-4\" class=\"panel-collapse collapse \" role=\"tabpanel\" aria-labelledby=\"headingOne\">\n                    <div class=\"panel-body\">\n<img loading=\"lazy\" decoding=\"async\" class=\"alignleft size-full wp-image-1140\" src=\"http:\/\/tahtisirkus.fi\/wp-content\/uploads\/2018\/09\/uotijonkka-1.jpg\" alt=\"\" width=\"300\" height=\"300\" \/>\n<p>Uoti aloitti sirkusuransa 90-luvun puoliv\u00e4liss\u00e4 Kajaanilaisessa JoPi-sirkuksessa. Vuosien saatossa kokemusta on tullut laajalti erilaisista sirkuslajeista, tanssista ja teatterista. Oppia sirkustekemiseen h\u00e4n on hakenut sirkusopettajilta, kuten Matti Harjulta ja Petra M\u00e4elt\u00e4, sek\u00e4 K\u00f6\u00f6penhaminan The Commedia Schoolista (6kk opinnot), SNSL:n ohjaajakoulutuksesta (osa 1\/3) ja suorittamalla Cirque du Soleilin Social Circus Basic Training -koulutuksen osat I ja II. Koulutukseltaan Uoti on fysioterapeutti (AMK).<\/p>\n<p>Uoti on Oulun T\u00e4htisirkuksen toiminnanjohtaja, ja toiminut yli vuosikymmenen useiden lasten ja aikuisten ryhmien ohjaajana. H\u00e4nell\u00e4 on laaja sirkuslajien perustekniikoiden hallinta, ja erityisosaamista lis\u00e4ksi lattia-akrobatiasta, jongleerauksesta ja yksipy\u00f6r\u00e4ilyst\u00e4. Ohjaajana Uoti on innostava, reilu ja ihmisl\u00e4heinen.<\/p>\n<\/div>\n                <\/div>\n            <\/div>\n<div class=\"panel panel-default\">\n                <div class=\"panel-heading\" role=\"tab\" id=\"headingOne\">\n                    <h4 class=\"panel-title\">\n                        <a data-toggle=\"collapse\" data-parent=\"#accordion-1\" href=\"#acc-5\" aria-expanded=\"true\" aria-controls=\"collapseOne\">\n                            <i class=\"fa fa-Select Icon---\"><\/i> Tiina Kumpum\u00e4ki\n                        <\/a>\n                    <\/h4>\n                <\/div>\n                <div id=\"acc-5\" class=\"panel-collapse collapse \" role=\"tabpanel\" aria-labelledby=\"headingOne\">\n                    <div class=\"panel-body\">\n<img loading=\"lazy\" decoding=\"async\" class=\"alignleft wp-image-551 size-medium\" src=\"http:\/\/tahtisirkus.fi\/wp-content\/uploads\/2016\/03\/tiina_ymp-298x300.jpg\" alt=\"tiina_ymp\" width=\"298\" height=\"300\" srcset=\"https:\/\/tahtisirkus.fi\/wp-content\/uploads\/2016\/03\/tiina_ymp-298x300.jpg 298w, https:\/\/tahtisirkus.fi\/wp-content\/uploads\/2016\/03\/tiina_ymp-150x150.jpg 150w, https:\/\/tahtisirkus.fi\/wp-content\/uploads\/2016\/03\/tiina_ymp-768x774.jpg 768w, https:\/\/tahtisirkus.fi\/wp-content\/uploads\/2016\/03\/tiina_ymp-1016x1024.jpg 1016w, https:\/\/tahtisirkus.fi\/wp-content\/uploads\/2016\/03\/tiina_ymp.jpg 1064w\" sizes=\"auto, (max-width: 298px) 100vw, 298px\" \/>\n<p>Ennen sirkusk\u00e4rp\u00e4sen puraisua Tiina harrasti vuosina 2000-2011 intensiivisesti akrobaattista kilpaurheilua, cheerleadingia. Kilpacheerleadingin saralla Tiina osallistui niin kotimaisiin kuin Euroopan sis\u00e4isiin kilpailuihin, joista kirkkaimpina mitaileinaan h\u00e4n saavutti SM-kultaa ja EM-hopeaa. Jo cheerleadingin parissa Tiina aloitteli ohjaamista ja osallistui erilaisiin Suomen Cheerleadingliiton ohjaajakoulutuksiin.<\/p>\n<p>Sirkusharjoittelun Tiina aloitti vuonna 2009 Oulun T\u00e4htisirkuksella. Tiinan vahvuuksia ovat pariakrobatia, pyramidit, vanteet ja tanssillisuus. Tiina opiskelee Oulun Yliopistossa musiikinopettajaksi ja opinnoistaan h\u00e4n hy\u00f6dynt\u00e4\u00e4 sirkustunneillaan musikaalisuuttaan, pedagogista osaamistaan ja taiteen sek\u00e4 taidekasvatuksen opintojaan. Sirkusopettajana Tiina on j\u00e4rjestelm\u00e4llinen ja innokas ryhm\u00e4akrobatian ja synkronisaationumeroiden ohjaaja, mutta korostaa opetuksessaan hyv\u00e4n ryhm\u00e4hengen sek\u00e4 rennon ilmapiirin t\u00e4rkeytt\u00e4. T\u00e4htisirkuksella h\u00e4n opettaa sek\u00e4 lasten, ett\u00e4 aikuisten ryhmi\u00e4. Oulun T\u00e4htisirkuksen hallituksessa Tiina on ollut mukana vuodesta 2013 alkaen. Sirkuslajien lis\u00e4ksi h\u00e4n harrastaa musiikkia, lindy hop -paritanssia, k\u00e4sit\u00f6it\u00e4 sek\u00e4 hiustenlaittoa.<\/p>\n<\/div>\n                <\/div>\n            <\/div>\n<div class=\"panel panel-default\">\n                <div class=\"panel-heading\" role=\"tab\" id=\"headingOne\">\n                    <h4 class=\"panel-title\">\n                        <a data-toggle=\"collapse\" data-parent=\"#accordion-1\" href=\"#acc-6\" aria-expanded=\"true\" aria-controls=\"collapseOne\">\n                            <i class=\"fa fa-Select Icon---\"><\/i> Vilma Kotikumpu\n                        <\/a>\n                    <\/h4>\n                <\/div>\n                <div id=\"acc-6\" class=\"panel-collapse collapse \" role=\"tabpanel\" aria-labelledby=\"headingOne\">\n                    <div class=\"panel-body\">\n<img loading=\"lazy\" decoding=\"async\" class=\"alignleft wp-image-3484 size-medium\" src=\"http:\/\/tahtisirkus.fi\/wp-content\/uploads\/2025\/09\/WhatsApp-Image-2025-08-09-at-19.03.36-226x300.jpeg\" alt=\"\" width=\"226\" height=\"300\" srcset=\"https:\/\/tahtisirkus.fi\/wp-content\/uploads\/2025\/09\/WhatsApp-Image-2025-08-09-at-19.03.36-226x300.jpeg 226w, https:\/\/tahtisirkus.fi\/wp-content\/uploads\/2025\/09\/WhatsApp-Image-2025-08-09-at-19.03.36-770x1024.jpeg 770w, https:\/\/tahtisirkus.fi\/wp-content\/uploads\/2025\/09\/WhatsApp-Image-2025-08-09-at-19.03.36-768x1021.jpeg 768w, https:\/\/tahtisirkus.fi\/wp-content\/uploads\/2025\/09\/WhatsApp-Image-2025-08-09-at-19.03.36-1155x1536.jpeg 1155w, https:\/\/tahtisirkus.fi\/wp-content\/uploads\/2025\/09\/WhatsApp-Image-2025-08-09-at-19.03.36.jpeg 1504w\" sizes=\"auto, (max-width: 226px) 100vw, 226px\" \/>\n<p>Vilma on monipuolinen sirkusharrastaja, joka on tehnyt ilma-akrobatiaa edistyneimp\u00e4\u00e4n tasoon asti. Lis\u00e4ksi h\u00e4n on siin\u00e4 sivussa tehnyt mm. pariakrobatiaa, rolabolaa ja ryhm\u00e4akrobatiaa. Harrastusvuosiakin on ehtinyt kertynyt jo yli kymmenen. T\u00e4ll\u00e4 hetkell\u00e4 Vilma toimii apuopettajana jatkoryhmiss\u00e4, mutta aiemmin h\u00e4n on opettanut my\u00f6s mm. perhesirkusta ja ilma-akrobatiaa. Vilman mielest\u00e4 opettamisessa parasta on n\u00e4hd\u00e4, kun oppilaat jaksavat innostua uusista asioista, kokeilevat rohkeasti kaikkea ja saavat onnistumisen kokemuksia itselleen omasta tekemisest\u00e4\u00e4n.<\/p>\n<\/div>\n                <\/div>\n            <\/div>\n<div class=\"panel panel-default\">\n                <div class=\"panel-heading\" role=\"tab\" id=\"headingOne\">\n                    <h4 class=\"panel-title\">\n                        <a data-toggle=\"collapse\" data-parent=\"#accordion-1\" href=\"#acc-7\" aria-expanded=\"true\" aria-controls=\"collapseOne\">\n                            <i class=\"fa fa-Select Icon--\"><\/i> Emma Mouruj\u00e4rvi\n                        <\/a>\n                    <\/h4>\n                <\/div>\n                <div id=\"acc-7\" class=\"panel-collapse collapse \" role=\"tabpanel\" aria-labelledby=\"headingOne\">\n                    <div class=\"panel-body\">\n<img loading=\"lazy\" decoding=\"async\" class=\"alignleft wp-image-3485 size-medium\" src=\"http:\/\/tahtisirkus.fi\/wp-content\/uploads\/2025\/09\/WhatsApp-Image-2025-08-28-at-18.54.34-171x300.jpeg\" alt=\"\" width=\"171\" height=\"300\" srcset=\"https:\/\/tahtisirkus.fi\/wp-content\/uploads\/2025\/09\/WhatsApp-Image-2025-08-28-at-18.54.34-171x300.jpeg 171w, https:\/\/tahtisirkus.fi\/wp-content\/uploads\/2025\/09\/WhatsApp-Image-2025-08-28-at-18.54.34-585x1024.jpeg 585w, https:\/\/tahtisirkus.fi\/wp-content\/uploads\/2025\/09\/WhatsApp-Image-2025-08-28-at-18.54.34-768x1344.jpeg 768w, https:\/\/tahtisirkus.fi\/wp-content\/uploads\/2025\/09\/WhatsApp-Image-2025-08-28-at-18.54.34-878x1536.jpeg 878w, https:\/\/tahtisirkus.fi\/wp-content\/uploads\/2025\/09\/WhatsApp-Image-2025-08-28-at-18.54.34.jpeg 1170w\" sizes=\"auto, (max-width: 171px) 100vw, 171px\" \/>\n<p>Emma Mouruj\u00e4rvi on harrastanut sirkusta lapsesta saakka. H\u00e4n opiskelee t\u00e4ll\u00e4 hetkell\u00e4 luokanopettajaksi ja on ohjannut sirkuksella ryhmi\u00e4 jo vuodesta 2018. Emma on ollut esiintyv\u00e4n ryhm\u00e4n Kentaurien j\u00e4sen. P\u00e4\u00e4lajinaan h\u00e4nell\u00e4 on kangas, mutta osaamista laajasti eri sirkuslajeista. Sirkusopettajana Emma on positiivinen, kannustava ja t\u00e4rkeint\u00e4 on, ett\u00e4 tunneilla pidet\u00e4\u00e4n kivaa yhdess\u00e4 samalla kehitt\u00e4en sirkustaitoja monipuolisesti.<\/p>\n<\/div>\n                <\/div>\n            <\/div>\n<div class=\"panel panel-default\">\n                <div class=\"panel-heading\" role=\"tab\" id=\"headingOne\">\n                    <h4 class=\"panel-title\">\n                        <a data-toggle=\"collapse\" data-parent=\"#accordion-1\" href=\"#acc-8\" aria-expanded=\"true\" aria-controls=\"collapseOne\">\n                            <i class=\"fa fa-Select Icon---\"><\/i> Kerttu Tuomala\n                        <\/a>\n                    <\/h4>\n                <\/div>\n                <div id=\"acc-8\" class=\"panel-collapse collapse \" role=\"tabpanel\" aria-labelledby=\"headingOne\">\n                    <div class=\"panel-body\">\n<img loading=\"lazy\" decoding=\"async\" class=\"alignleft wp-image-2650 size-medium\" src=\"http:\/\/tahtisirkus.fi\/wp-content\/uploads\/2023\/10\/DSC_0240-300x200.jpg\" alt=\"\" width=\"300\" height=\"200\" srcset=\"https:\/\/tahtisirkus.fi\/wp-content\/uploads\/2023\/10\/DSC_0240-300x200.jpg 300w, https:\/\/tahtisirkus.fi\/wp-content\/uploads\/2023\/10\/DSC_0240-1024x683.jpg 1024w, https:\/\/tahtisirkus.fi\/wp-content\/uploads\/2023\/10\/DSC_0240-768x512.jpg 768w, https:\/\/tahtisirkus.fi\/wp-content\/uploads\/2023\/10\/DSC_0240-1536x1024.jpg 1536w, https:\/\/tahtisirkus.fi\/wp-content\/uploads\/2023\/10\/DSC_0240-2048x1365.jpg 2048w\" sizes=\"auto, (max-width: 300px) 100vw, 300px\" \/>\n<p>Kerttu on viett\u00e4nyt suurimman osan el\u00e4m\u00e4st\u00e4\u00e4n sirkuksen parissa. H\u00e4n on ollut pitk\u00e4\u00e4n esiintyv\u00e4 ryhm\u00e4 Kentaurien j\u00e4sen, ja esiintymiskokemusta on kertynyt lukuisista keikoista ja tarinallisista produktioista. Kerttu pit\u00e4\u00e4 mielekk\u00e4\u00e4n\u00e4 sirkuksessa sit\u00e4, ett\u00e4 sielt\u00e4 l\u00f6ytyy niin paljon kaikkea mielenkiintoista tekemist\u00e4 jokaiselle. T\u00e4ll\u00e4 hetkell\u00e4 h\u00e4n tekee p\u00e4\u00e4lajeinaan kontaktijogleerausta ja poipy\u00f6rityst\u00e4. H\u00e4n on my\u00f6s pitk\u00e4\u00e4n keskittynyt pari-ja ryhm\u00e4akrobatiaan.<\/p>\n<p>Kerttu valmistui tanssinopettajaksi OAMK:sta, jossa h\u00e4n laajensi tanssitietouttaan monesta eri tanssilajista sek\u00e4 pedagogisia taitojaan. H\u00e4nelle t\u00e4rke\u00e4\u00e4 opettaessa on kannustava ilmapiiri ja kohderyhm\u00e4lle ja taitotasolle tarkkaan mietityt harjoitteet. Kerttu hy\u00f6dynt\u00e4\u00e4 opetuksessaan sirkuskokemuksensa lis\u00e4ksi tanssitietoa esim. tanssiakrobatian kautta. Kertulla on taskussaan mm. useampi suomenmestaruus Latino Shown aikuistensarjassa.<\/p>\n<p>Kerttu ohjaa monia eri lajien, tasoisten ja ik\u00e4isten ryhmi\u00e4 ja opetuksen ohella toimii esiintyj\u00e4n\u00e4 keikoilla. H\u00e4n on my\u00f6s T\u00e4htisirkuksen hallituksen puheenjohtaja.<\/p>\n<\/div>\n                <\/div>\n            <\/div>\n<div class=\"panel panel-default\">\n                <div class=\"panel-heading\" role=\"tab\" id=\"headingOne\">\n                    <h4 class=\"panel-title\">\n                        <a data-toggle=\"collapse\" data-parent=\"#accordion-1\" href=\"#acc-9\" aria-expanded=\"true\" aria-controls=\"collapseOne\">\n                            <i class=\"fa fa-Select Icon---\"><\/i> Heidi Tuomela\n                        <\/a>\n                    <\/h4>\n                <\/div>\n                <div id=\"acc-9\" class=\"panel-collapse collapse \" role=\"tabpanel\" aria-labelledby=\"headingOne\">\n                    <div class=\"panel-body\">\n<img loading=\"lazy\" decoding=\"async\" class=\"alignleft wp-image-3118 size-medium\" src=\"http:\/\/tahtisirkus.fi\/wp-content\/uploads\/2025\/02\/heidi_ympyra-300x294.jpeg\" alt=\"\" width=\"300\" height=\"294\" srcset=\"https:\/\/tahtisirkus.fi\/wp-content\/uploads\/2025\/02\/heidi_ympyra-300x294.jpeg 300w, https:\/\/tahtisirkus.fi\/wp-content\/uploads\/2025\/02\/heidi_ympyra-1024x1003.jpeg 1024w, https:\/\/tahtisirkus.fi\/wp-content\/uploads\/2025\/02\/heidi_ympyra-768x752.jpeg 768w, https:\/\/tahtisirkus.fi\/wp-content\/uploads\/2025\/02\/heidi_ympyra.jpeg 1200w\" sizes=\"auto, (max-width: 300px) 100vw, 300px\" \/>\n<p>Heidill\u00e4 on pitk\u00e4 ja vahva pedagoginen tausta, sill\u00e4 h\u00e4n on ammatiltaan luokanopettaja ja kielten opettaja. H\u00e4n keskittyy opetuksessaan jokaisen henkil\u00f6kohtaisten vahvuuksien l\u00f6ytymiseen ja niiden kautta lajissa kehittymiseen. Heidi haluaa oppilaidensa saavan vahvan lajipohjan, jolle voi rakentaa uusia tekniikoita, rohkeutta, ilmaisutaitoa ja onnistumisen iloa. Heidi on harrastanut mm. voimistelua, crossfitti\u00e4 ja tankotanssia, mutta nyky\u00e4\u00e4n h\u00e4nen p\u00e4\u00e4lajeinaan ovat vertikaalikankaat, rengastrapetsi ja akrojooga.<\/p>\n<\/div>\n                <\/div>\n            <\/div>\n<\/div>\n","protected":false},"excerpt":{"rendered":"","protected":false},"author":1,"featured_media":0,"parent":0,"menu_order":0,"comment_status":"closed","ping_status":"closed","template":"","meta":{"footnotes":""},"class_list":["post-382","page","type-page","status-publish","hentry"],"_links":{"self":[{"href":"https:\/\/tahtisirkus.fi\/index.php?rest_route=\/wp\/v2\/pages\/382","targetHints":{"allow":["GET"]}}],"collection":[{"href":"https:\/\/tahtisirkus.fi\/index.php?rest_route=\/wp\/v2\/pages"}],"about":[{"href":"https:\/\/tahtisirkus.fi\/index.php?rest_route=\/wp\/v2\/types\/page"}],"author":[{"embeddable":true,"href":"https:\/\/tahtisirkus.fi\/index.php?rest_route=\/wp\/v2\/users\/1"}],"replies":[{"embeddable":true,"href":"https:\/\/tahtisirkus.fi\/index.php?rest_route=%2Fwp%2Fv2%2Fcomments&post=382"}],"version-history":[{"count":144,"href":"https:\/\/tahtisirkus.fi\/index.php?rest_route=\/wp\/v2\/pages\/382\/revisions"}],"predecessor-version":[{"id":3704,"href":"https:\/\/tahtisirkus.fi\/index.php?rest_route=\/wp\/v2\/pages\/382\/revisions\/3704"}],"wp:attachment":[{"href":"https:\/\/tahtisirkus.fi\/index.php?rest_route=%2Fwp%2Fv2%2Fmedia&parent=382"}],"curies":[{"name":"wp","href":"https:\/\/api.w.org\/{rel}","templated":true}]}}